{"id":101184,"date":"2017-03-22T22:51:12","date_gmt":"2017-03-22T22:51:12","guid":{"rendered":"http:\/\/keramika.holest.com\/slovenija\/product\/rocersa-secret-blanco\/"},"modified":"2026-01-01T00:02:41","modified_gmt":"2026-01-01T00:02:41","slug":"rocersa-secret-blanco","status":"publish","type":"product","link":"https:\/\/www.keramika.com\/slovenija\/rocersa-secret-blanco\/","title":{"rendered":"Rocersa Secret Blanco"},"content":{"rendered":"<p>Ta plo\u0161\u010dica prihaja iz \u0160panije, ki je znana po kvalitetni keramiki. Zaradi ni\u017ejih stro\u0161kov pri spletni prodaji boste na na\u0161i strani za to plo\u0161\u010dico od\u0161teli le 25.01 EUR. 10 mm debeline je dovolj tudi za zahtevnej\u0161e kupce. Plo\u0161\u010dica na sliki je velika 60&#215;60 cm. Ta model plo\u0161\u010dice se najbolje prodaja v beli barvi.<\/p>\n<p>Kliknite na ime kolekcije za ogled vseh plo\u0161\u010dic iz te serije: <a class=\"pdfcatal\" href=\"\/\/www.ceramictiles.com\/pdf\/rocersa\/catalogue_rocersa_secret.pdf\" onclick=\"recordOutboundLink(this, 'E-mail', 'Description PDF');return false;\">Rocersa Ceramica Secret<\/a><\/p>\n<p>\u010ce \u017eelite naro\u010diti model iz pdf kataloga te kolekcije, nam pi\u0161ite na: <a href=\"mailto:keramoteka.salon@gmail.com\" onclick=\"recordOutboundLink(this, 'E-mail', 'Description mail');return false;\">keramoteka.salon@gmail.com<\/a> ali pa nas pokli\u010dite na: 031 255 900.<\/p>\n","protected":false},"excerpt":{"rendered":"<p>Ta plo\u0161\u010dica prihaja iz \u0160panije, ki je znana po kvalitetni keramiki. Zaradi ni\u017ejih stro\u0161kov pri spletni prodaji boste na na\u0161i strani za to plo\u0161\u010dico od\u0161teli le 25.01 EUR. 10 mm debeline je dovolj tudi za zahtevnej\u0161e kupce. Plo\u0161\u010dica na sliki je velika 60&#215;60 cm. Ta model plo\u0161\u010dice se najbolje prodaja v beli barvi. Kliknite na [&hellip;]<\/p>\n","protected":false},"featured_media":101185,"template":"","meta":[],"product_cat":[200,999,99921437,240],"product_tag":[],"_links":{"self":[{"href":"https:\/\/www.keramika.com\/slovenija\/wp-json\/wp\/v2\/product\/101184"}],"collection":[{"href":"https:\/\/www.keramika.com\/slovenija\/wp-json\/wp\/v2\/product"}],"about":[{"href":"https:\/\/www.keramika.com\/slovenija\/wp-json\/wp\/v2\/types\/product"}],"wp:featuredmedia":[{"embeddable":true,"href":"https:\/\/www.keramika.com\/slovenija\/wp-json\/wp\/v2\/media\/101185"}],"wp:attachment":[{"href":"https:\/\/www.keramika.com\/slovenija\/wp-json\/wp\/v2\/media?parent=101184"}],"wp:term":[{"taxonomy":"product_cat","embeddable":true,"href":"https:\/\/www.keramika.com\/slovenija\/wp-json\/wp\/v2\/product_cat?post=101184"},{"taxonomy":"product_tag","embeddable":true,"href":"https:\/\/www.keramika.com\/slovenija\/wp-json\/wp\/v2\/product_tag?post=101184"}],"curies":[{"name":"wp","href":"https:\/\/api.w.org\/{rel}","templated":true}]}}