{"id":101170,"date":"2017-03-22T22:50:53","date_gmt":"2017-03-22T22:50:53","guid":{"rendered":"http:\/\/keramika.holest.com\/slovenija\/product\/rocersa-modus-marengo\/"},"modified":"2026-01-01T00:02:39","modified_gmt":"2026-01-01T00:02:39","slug":"rocersa-modus-marengo","status":"publish","type":"product","link":"https:\/\/www.keramika.com\/slovenija\/rocersa-modus-marengo\/","title":{"rendered":"Rocersa Modus Marengo"},"content":{"rendered":"<p>Z velikostjo 31.6&#215;31.6 cm je ta plo\u0161\u010dica primerna ze razli\u010dne povr\u0161ine. Debelina kar 9 mm dela to plo\u0161\u010dico zelo trpe\u017eno in presti\u017eno na otip. Rocersa Modus Marengo je na voljo po zelo ugodni ceni 15.6 EUR. Ta plo\u0161\u010dica prihaja iz \u0160panije, ki je znana po kvalitetni keramiki. Pri izbiri plo\u0161\u010dice v \u010drni barvi ne morete zgre\u0161iti.<\/p>\n<p>Kliknite na ime kolekcije za ogled vseh plo\u0161\u010dic iz te serije: <a class=\"pdfcatal\" href=\"\/\/www.ceramictiles.com\/pdf\/rocersa\/catalogue_rocersa_modus.pdf\" onclick=\"recordOutboundLink(this, 'E-mail', 'Description PDF');return false;\">Rocersa Ceramica Modus<\/a><\/p>\n<p>\u010ce \u017eelite naro\u010diti model iz pdf kataloga te kolekcije, nam pi\u0161ite na: <a href=\"mailto:keramoteka.salon@gmail.com\" onclick=\"recordOutboundLink(this, 'E-mail', 'Description mail');return false;\">keramoteka.salon@gmail.com<\/a> ali pa nas pokli\u010dite na: 031 255 900.<\/p>\n","protected":false},"excerpt":{"rendered":"<p>Z velikostjo 31.6&#215;31.6 cm je ta plo\u0161\u010dica primerna ze razli\u010dne povr\u0161ine. Debelina kar 9 mm dela to plo\u0161\u010dico zelo trpe\u017eno in presti\u017eno na otip. Rocersa Modus Marengo je na voljo po zelo ugodni ceni 15.6 EUR. Ta plo\u0161\u010dica prihaja iz \u0160panije, ki je znana po kvalitetni keramiki. Pri izbiri plo\u0161\u010dice v \u010drni barvi ne morete [&hellip;]<\/p>\n","protected":false},"featured_media":101171,"template":"","meta":[],"product_cat":[200,999,99921437,240],"product_tag":[],"_links":{"self":[{"href":"https:\/\/www.keramika.com\/slovenija\/wp-json\/wp\/v2\/product\/101170"}],"collection":[{"href":"https:\/\/www.keramika.com\/slovenija\/wp-json\/wp\/v2\/product"}],"about":[{"href":"https:\/\/www.keramika.com\/slovenija\/wp-json\/wp\/v2\/types\/product"}],"wp:featuredmedia":[{"embeddable":true,"href":"https:\/\/www.keramika.com\/slovenija\/wp-json\/wp\/v2\/media\/101171"}],"wp:attachment":[{"href":"https:\/\/www.keramika.com\/slovenija\/wp-json\/wp\/v2\/media?parent=101170"}],"wp:term":[{"taxonomy":"product_cat","embeddable":true,"href":"https:\/\/www.keramika.com\/slovenija\/wp-json\/wp\/v2\/product_cat?post=101170"},{"taxonomy":"product_tag","embeddable":true,"href":"https:\/\/www.keramika.com\/slovenija\/wp-json\/wp\/v2\/product_tag?post=101170"}],"curies":[{"name":"wp","href":"https:\/\/api.w.org\/{rel}","templated":true}]}}