{"id":101168,"date":"2017-03-22T22:50:50","date_gmt":"2017-03-22T22:50:50","guid":{"rendered":"http:\/\/keramika.holest.com\/slovenija\/product\/rocersa-mito-car-mix\/"},"modified":"2026-01-01T00:02:38","modified_gmt":"2026-01-01T00:02:38","slug":"rocersa-mito-car-mix","status":"publish","type":"product","link":"https:\/\/www.keramika.com\/slovenija\/rocersa-mito-car-mix\/","title":{"rendered":"Rocersa Mito-Car Mix"},"content":{"rendered":"<p>To plo\u0161\u010dico je izdelal proizvajalec Rocersa Ceramica, ki prihaja iz \u0160panije. Zelo moderna plo\u0161\u010dica v rjavi barvi popestri prav vsak prostor. 9 mm debeline je dovolj tudi za zahtevnej\u0161e kupce. Zaradi ni\u017ejih stro\u0161kov pri spletni prodaji boste na na\u0161i strani za to plo\u0161\u010dico od\u0161teli le 26.18 EUR. Velikost te plo\u0161\u010dice je 47.2&#215;70.8 cm.<\/p>\n<p>Kliknite na ime kolekcije za ogled vseh plo\u0161\u010dic iz te serije: <a class=\"pdfcatal\" href=\"\/\/www.ceramictiles.com\/pdf\/rocersa\/catalogue_rocersa_mito.pdf\" onclick=\"recordOutboundLink(this, 'E-mail', 'Description PDF');return false;\">Rocersa Ceramica Mito<\/a><\/p>\n<p>\u010ce \u017eelite naro\u010diti model iz pdf kataloga te kolekcije, nam pi\u0161ite na: <a href=\"mailto:keramoteka.salon@gmail.com\" onclick=\"recordOutboundLink(this, 'E-mail', 'Description mail');return false;\">keramoteka.salon@gmail.com<\/a> ali pa nas pokli\u010dite na: 031 255 900.<\/p>\n","protected":false},"excerpt":{"rendered":"<p>To plo\u0161\u010dico je izdelal proizvajalec Rocersa Ceramica, ki prihaja iz \u0160panije. Zelo moderna plo\u0161\u010dica v rjavi barvi popestri prav vsak prostor. 9 mm debeline je dovolj tudi za zahtevnej\u0161e kupce. Zaradi ni\u017ejih stro\u0161kov pri spletni prodaji boste na na\u0161i strani za to plo\u0161\u010dico od\u0161teli le 26.18 EUR. Velikost te plo\u0161\u010dice je 47.2&#215;70.8 cm. Kliknite na [&hellip;]<\/p>\n","protected":false},"featured_media":101169,"template":"","meta":[],"product_cat":[200,999,99921437,250],"product_tag":[],"_links":{"self":[{"href":"https:\/\/www.keramika.com\/slovenija\/wp-json\/wp\/v2\/product\/101168"}],"collection":[{"href":"https:\/\/www.keramika.com\/slovenija\/wp-json\/wp\/v2\/product"}],"about":[{"href":"https:\/\/www.keramika.com\/slovenija\/wp-json\/wp\/v2\/types\/product"}],"wp:featuredmedia":[{"embeddable":true,"href":"https:\/\/www.keramika.com\/slovenija\/wp-json\/wp\/v2\/media\/101169"}],"wp:attachment":[{"href":"https:\/\/www.keramika.com\/slovenija\/wp-json\/wp\/v2\/media?parent=101168"}],"wp:term":[{"taxonomy":"product_cat","embeddable":true,"href":"https:\/\/www.keramika.com\/slovenija\/wp-json\/wp\/v2\/product_cat?post=101168"},{"taxonomy":"product_tag","embeddable":true,"href":"https:\/\/www.keramika.com\/slovenija\/wp-json\/wp\/v2\/product_tag?post=101168"}],"curies":[{"name":"wp","href":"https:\/\/api.w.org\/{rel}","templated":true}]}}