{"id":101144,"date":"2017-03-22T22:50:20","date_gmt":"2017-03-22T22:50:20","guid":{"rendered":"http:\/\/keramika.holest.com\/slovenija\/product\/rocersa-glamour-blanco\/"},"modified":"2026-01-01T00:02:35","modified_gmt":"2026-01-01T00:02:35","slug":"rocersa-glamour-blanco","status":"publish","type":"product","link":"https:\/\/www.keramika.com\/slovenija\/rocersa-glamour-blanco\/","title":{"rendered":"Rocersa Glamour Blanco"},"content":{"rendered":"<p>9 mm je debelina, ki zadovolji tudi zahtevnej\u0161e kupce. Velikost te plo\u0161\u010dice je 31.6&#215;59.34 cm in je primerna za razli\u010dne povr\u0161ine. Namesto 25.38 EUR kot bi za to plo\u0161\u010dico od\u0161teli v klasi\u010dni trgovini, boste v na\u0161i spletni prodajalni od\u0161teli le 20.31 EUR. Ta kerami\u010dna plo\u0161\u010dica v \u010dudoviti beli barvi bo obogatila vsak prostor. Rocersa Glamour Blanco je pripeljana iz \u0160panije in je zelo kvalitetna.<\/p>\n<p>Kliknite na ime kolekcije za ogled vseh plo\u0161\u010dic iz te serije: <a class=\"pdfcatal\" href=\"\/\/www.ceramictiles.com\/pdf\/rocersa\/catalogue_rocersa_glamour.pdf\" onclick=\"recordOutboundLink(this, 'E-mail', 'Description PDF');return false;\">Rocersa Ceramica Glamour<\/a><\/p>\n<p>\u010ce \u017eelite naro\u010diti model iz pdf kataloga te kolekcije, nam pi\u0161ite na: <a href=\"mailto:keramoteka.salon@gmail.com\" onclick=\"recordOutboundLink(this, 'E-mail', 'Description mail');return false;\">keramoteka.salon@gmail.com<\/a> ali pa nas pokli\u010dite na: 031 255 900.<\/p>\n","protected":false},"excerpt":{"rendered":"<p>9 mm je debelina, ki zadovolji tudi zahtevnej\u0161e kupce. Velikost te plo\u0161\u010dice je 31.6&#215;59.34 cm in je primerna za razli\u010dne povr\u0161ine. Namesto 25.38 EUR kot bi za to plo\u0161\u010dico od\u0161teli v klasi\u010dni trgovini, boste v na\u0161i spletni prodajalni od\u0161teli le 20.31 EUR. Ta kerami\u010dna plo\u0161\u010dica v \u010dudoviti beli barvi bo obogatila vsak prostor. Rocersa Glamour [&hellip;]<\/p>\n","protected":false},"featured_media":101145,"template":"","meta":[],"product_cat":[200,999,99921437,250],"product_tag":[],"_links":{"self":[{"href":"https:\/\/www.keramika.com\/slovenija\/wp-json\/wp\/v2\/product\/101144"}],"collection":[{"href":"https:\/\/www.keramika.com\/slovenija\/wp-json\/wp\/v2\/product"}],"about":[{"href":"https:\/\/www.keramika.com\/slovenija\/wp-json\/wp\/v2\/types\/product"}],"wp:featuredmedia":[{"embeddable":true,"href":"https:\/\/www.keramika.com\/slovenija\/wp-json\/wp\/v2\/media\/101145"}],"wp:attachment":[{"href":"https:\/\/www.keramika.com\/slovenija\/wp-json\/wp\/v2\/media?parent=101144"}],"wp:term":[{"taxonomy":"product_cat","embeddable":true,"href":"https:\/\/www.keramika.com\/slovenija\/wp-json\/wp\/v2\/product_cat?post=101144"},{"taxonomy":"product_tag","embeddable":true,"href":"https:\/\/www.keramika.com\/slovenija\/wp-json\/wp\/v2\/product_tag?post=101144"}],"curies":[{"name":"wp","href":"https:\/\/api.w.org\/{rel}","templated":true}]}}