{"id":101140,"date":"2017-03-22T22:50:15","date_gmt":"2017-03-22T22:50:15","guid":{"rendered":"http:\/\/keramika.holest.com\/slovenija\/product\/rocersa-fuji-negro\/"},"modified":"2026-01-01T00:02:35","modified_gmt":"2026-01-01T00:02:35","slug":"rocersa-fuji-negro","status":"publish","type":"product","link":"https:\/\/www.keramika.com\/slovenija\/rocersa-fuji-negro\/","title":{"rendered":"Rocersa Fuji Negro"},"content":{"rendered":"<p>Ta plo\u0161\u010dica prihaja iz \u0160panije, ki je znana po kvalitetni keramiki. Z velikostjo 31.6&#215;59.34 cm je ta plo\u0161\u010dica primerna ze razli\u010dne povr\u0161ine. 9 mm debeline je dovolj tudi za zahtevnej\u0161e kupce. Ta kerami\u010dna plo\u0161\u010dica v \u010dudoviti \u010drni barvi bo obogatila vsak prostor. Rocersa Fuji Negro je na voljo po zelo ugodni ceni 20.31 EUR.<\/p>\n<p>Kliknite na ime kolekcije za ogled vseh plo\u0161\u010dic iz te serije: <a class=\"pdfcatal\" href=\"\/\/www.ceramictiles.com\/pdf\/rocersa\/catalogue_rocersa_fuji.pdf\" onclick=\"recordOutboundLink(this, 'E-mail', 'Description PDF');return false;\">Rocersa Ceramica Fuji<\/a><\/p>\n<p>\u010ce \u017eelite naro\u010diti model iz pdf kataloga te kolekcije, nam pi\u0161ite na: <a href=\"mailto:keramoteka.salon@gmail.com\" onclick=\"recordOutboundLink(this, 'E-mail', 'Description mail');return false;\">keramoteka.salon@gmail.com<\/a> ali pa nas pokli\u010dite na: 031 255 900.<\/p>\n","protected":false},"excerpt":{"rendered":"<p>Ta plo\u0161\u010dica prihaja iz \u0160panije, ki je znana po kvalitetni keramiki. Z velikostjo 31.6&#215;59.34 cm je ta plo\u0161\u010dica primerna ze razli\u010dne povr\u0161ine. 9 mm debeline je dovolj tudi za zahtevnej\u0161e kupce. Ta kerami\u010dna plo\u0161\u010dica v \u010dudoviti \u010drni barvi bo obogatila vsak prostor. Rocersa Fuji Negro je na voljo po zelo ugodni ceni 20.31 EUR. Kliknite [&hellip;]<\/p>\n","protected":false},"featured_media":101141,"template":"","meta":[],"product_cat":[200,999,99921437,250],"product_tag":[],"_links":{"self":[{"href":"https:\/\/www.keramika.com\/slovenija\/wp-json\/wp\/v2\/product\/101140"}],"collection":[{"href":"https:\/\/www.keramika.com\/slovenija\/wp-json\/wp\/v2\/product"}],"about":[{"href":"https:\/\/www.keramika.com\/slovenija\/wp-json\/wp\/v2\/types\/product"}],"wp:featuredmedia":[{"embeddable":true,"href":"https:\/\/www.keramika.com\/slovenija\/wp-json\/wp\/v2\/media\/101141"}],"wp:attachment":[{"href":"https:\/\/www.keramika.com\/slovenija\/wp-json\/wp\/v2\/media?parent=101140"}],"wp:term":[{"taxonomy":"product_cat","embeddable":true,"href":"https:\/\/www.keramika.com\/slovenija\/wp-json\/wp\/v2\/product_cat?post=101140"},{"taxonomy":"product_tag","embeddable":true,"href":"https:\/\/www.keramika.com\/slovenija\/wp-json\/wp\/v2\/product_tag?post=101140"}],"curies":[{"name":"wp","href":"https:\/\/api.w.org\/{rel}","templated":true}]}}