{"id":101136,"date":"2017-03-22T22:50:08","date_gmt":"2017-03-22T22:50:08","guid":{"rendered":"http:\/\/keramika.holest.com\/slovenija\/product\/rocersa-flamant-rosa\/"},"modified":"2026-01-01T00:02:35","modified_gmt":"2026-01-01T00:02:35","slug":"rocersa-flamant-rosa","status":"publish","type":"product","link":"https:\/\/www.keramika.com\/slovenija\/rocersa-flamant-rosa\/","title":{"rendered":"Rocersa Flamant Rosa"},"content":{"rendered":"<p>Ta plo\u0161\u010dica je debela 9 mm in je zelo trpe\u017ena. Ta plo\u0161\u010dica je na voljo v \u010dudoviti roza barvi, \u010de \u017eelite kak\u0161no drugo barvo pa nas kontaktirajte in preverili bomo pri proizvajalcu. Rocersa Flamant Rosa je plo\u0161\u010dica proizvajalca Rocersa Ceramica in prihaja iz \u0160panije. \u0160irina in dol\u017eina te plo\u0161\u010dice sta 31.6&#215;31.6 cm. Namesto 19.5 EUR kot bi za to plo\u0161\u010dico od\u0161teli v klasi\u010dni trgovini, boste v na\u0161i spletni prodajalni od\u0161teli le 15.6 EUR.<\/p>\n<p>Kliknite na ime kolekcije za ogled vseh plo\u0161\u010dic iz te serije: <a class=\"pdfcatal\" href=\"\/\/www.ceramictiles.com\/pdf\/rocersa\/catalogue_rocersa_flamant.pdf\" onclick=\"recordOutboundLink(this, 'E-mail', 'Description PDF');return false;\">Rocersa Ceramica Flamant<\/a><\/p>\n<p>\u010ce \u017eelite naro\u010diti model iz pdf kataloga te kolekcije, nam pi\u0161ite na: <a href=\"mailto:keramoteka.salon@gmail.com\" onclick=\"recordOutboundLink(this, 'E-mail', 'Description mail');return false;\">keramoteka.salon@gmail.com<\/a> ali pa nas pokli\u010dite na: 031 255 900.<\/p>\n","protected":false},"excerpt":{"rendered":"<p>Ta plo\u0161\u010dica je debela 9 mm in je zelo trpe\u017ena. Ta plo\u0161\u010dica je na voljo v \u010dudoviti roza barvi, \u010de \u017eelite kak\u0161no drugo barvo pa nas kontaktirajte in preverili bomo pri proizvajalcu. Rocersa Flamant Rosa je plo\u0161\u010dica proizvajalca Rocersa Ceramica in prihaja iz \u0160panije. \u0160irina in dol\u017eina te plo\u0161\u010dice sta 31.6&#215;31.6 cm. Namesto 19.5 EUR [&hellip;]<\/p>\n","protected":false},"featured_media":101137,"template":"","meta":[],"product_cat":[200,999,99921437,240],"product_tag":[],"_links":{"self":[{"href":"https:\/\/www.keramika.com\/slovenija\/wp-json\/wp\/v2\/product\/101136"}],"collection":[{"href":"https:\/\/www.keramika.com\/slovenija\/wp-json\/wp\/v2\/product"}],"about":[{"href":"https:\/\/www.keramika.com\/slovenija\/wp-json\/wp\/v2\/types\/product"}],"wp:featuredmedia":[{"embeddable":true,"href":"https:\/\/www.keramika.com\/slovenija\/wp-json\/wp\/v2\/media\/101137"}],"wp:attachment":[{"href":"https:\/\/www.keramika.com\/slovenija\/wp-json\/wp\/v2\/media?parent=101136"}],"wp:term":[{"taxonomy":"product_cat","embeddable":true,"href":"https:\/\/www.keramika.com\/slovenija\/wp-json\/wp\/v2\/product_cat?post=101136"},{"taxonomy":"product_tag","embeddable":true,"href":"https:\/\/www.keramika.com\/slovenija\/wp-json\/wp\/v2\/product_tag?post=101136"}],"curies":[{"name":"wp","href":"https:\/\/api.w.org\/{rel}","templated":true}]}}