{"id":101134,"date":"2017-03-22T22:50:06","date_gmt":"2017-03-22T22:50:06","guid":{"rendered":"http:\/\/keramika.holest.com\/slovenija\/product\/rocersa-fit-0-beige\/"},"modified":"2026-01-01T00:02:34","modified_gmt":"2026-01-01T00:02:34","slug":"rocersa-fit-0-beige","status":"publish","type":"product","link":"https:\/\/www.keramika.com\/slovenija\/rocersa-fit-0-beige\/","title":{"rendered":"Rocersa Fit-0 Beige"},"content":{"rendered":"<p>Velikost te plo\u0161\u010dice je 31.6&#215;59.34 cm in je primerna za razli\u010dne povr\u0161ine. Debelina plo\u0161\u010dice je zelo pomembna in 9 mm uvr\u0161\u010da to plo\u0161\u010dico med najkvalitetnej\u0161e. Zelo moderna plo\u0161\u010dica v be\u017e barvi popestri prav vsak prostor. 22.18 EUR v klasi\u010dni trgovini, pri nas pa le 17.74 EUR. To plo\u0161\u010dico je izdelal proizvajalec Rocersa Ceramica, ki prihaja iz \u0160panije.<\/p>\n<p>Kliknite na ime kolekcije za ogled vseh plo\u0161\u010dic iz te serije: <a class=\"pdfcatal\" href=\"\/\/www.ceramictiles.com\/pdf\/rocersa\/catalogue_rocersa_fit.pdf\" onclick=\"recordOutboundLink(this, 'E-mail', 'Description PDF');return false;\">Rocersa Ceramica Fit<\/a><\/p>\n<p>\u010ce \u017eelite naro\u010diti model iz pdf kataloga te kolekcije, nam pi\u0161ite na: <a href=\"mailto:keramoteka.salon@gmail.com\" onclick=\"recordOutboundLink(this, 'E-mail', 'Description mail');return false;\">keramoteka.salon@gmail.com<\/a> ali pa nas pokli\u010dite na: 031 255 900.<\/p>\n","protected":false},"excerpt":{"rendered":"<p>Velikost te plo\u0161\u010dice je 31.6&#215;59.34 cm in je primerna za razli\u010dne povr\u0161ine. Debelina plo\u0161\u010dice je zelo pomembna in 9 mm uvr\u0161\u010da to plo\u0161\u010dico med najkvalitetnej\u0161e. Zelo moderna plo\u0161\u010dica v be\u017e barvi popestri prav vsak prostor. 22.18 EUR v klasi\u010dni trgovini, pri nas pa le 17.74 EUR. To plo\u0161\u010dico je izdelal proizvajalec Rocersa Ceramica, ki prihaja [&hellip;]<\/p>\n","protected":false},"featured_media":101135,"template":"","meta":[],"product_cat":[200,999,99921437,250],"product_tag":[],"_links":{"self":[{"href":"https:\/\/www.keramika.com\/slovenija\/wp-json\/wp\/v2\/product\/101134"}],"collection":[{"href":"https:\/\/www.keramika.com\/slovenija\/wp-json\/wp\/v2\/product"}],"about":[{"href":"https:\/\/www.keramika.com\/slovenija\/wp-json\/wp\/v2\/types\/product"}],"wp:featuredmedia":[{"embeddable":true,"href":"https:\/\/www.keramika.com\/slovenija\/wp-json\/wp\/v2\/media\/101135"}],"wp:attachment":[{"href":"https:\/\/www.keramika.com\/slovenija\/wp-json\/wp\/v2\/media?parent=101134"}],"wp:term":[{"taxonomy":"product_cat","embeddable":true,"href":"https:\/\/www.keramika.com\/slovenija\/wp-json\/wp\/v2\/product_cat?post=101134"},{"taxonomy":"product_tag","embeddable":true,"href":"https:\/\/www.keramika.com\/slovenija\/wp-json\/wp\/v2\/product_tag?post=101134"}],"curies":[{"name":"wp","href":"https:\/\/api.w.org\/{rel}","templated":true}]}}