{"id":101132,"date":"2017-03-22T22:50:03","date_gmt":"2017-03-22T22:50:03","guid":{"rendered":"http:\/\/keramika.holest.com\/slovenija\/product\/rocersa-emotion-blanco\/"},"modified":"2026-01-01T00:02:34","modified_gmt":"2026-01-01T00:02:34","slug":"rocersa-emotion-blanco","status":"publish","type":"product","link":"https:\/\/www.keramika.com\/slovenija\/rocersa-emotion-blanco\/","title":{"rendered":"Rocersa Emotion Blanco"},"content":{"rendered":"<p>Debelina plo\u0161\u010dice je zelo pomembna in 9 mm uvr\u0161\u010da to plo\u0161\u010dico med najkvalitetnej\u0161e. Ta kerami\u010dna plo\u0161\u010dica v \u010dudoviti beli barvi bo obogatila vsak prostor. Rocersa Emotion Blanco je pripeljana iz \u0160panije in je zelo kvalitetna. Velikost te plo\u0161\u010dice je 31.6&#215;59.34 cm. 22.98 EUR v klasi\u010dni trgovini, pri nas pa le 18.38 EUR.<\/p>\n<p>Kliknite na ime kolekcije za ogled vseh plo\u0161\u010dic iz te serije: <a class=\"pdfcatal\" href=\"\/\/www.ceramictiles.com\/pdf\/rocersa\/catalogue_rocersa_emotion.pdf\" onclick=\"recordOutboundLink(this, 'E-mail', 'Description PDF');return false;\">Rocersa Ceramica Emotion<\/a><\/p>\n<p>\u010ce \u017eelite naro\u010diti model iz pdf kataloga te kolekcije, nam pi\u0161ite na: <a href=\"mailto:keramoteka.salon@gmail.com\" onclick=\"recordOutboundLink(this, 'E-mail', 'Description mail');return false;\">keramoteka.salon@gmail.com<\/a> ali pa nas pokli\u010dite na: 031 255 900.<\/p>\n","protected":false},"excerpt":{"rendered":"<p>Debelina plo\u0161\u010dice je zelo pomembna in 9 mm uvr\u0161\u010da to plo\u0161\u010dico med najkvalitetnej\u0161e. Ta kerami\u010dna plo\u0161\u010dica v \u010dudoviti beli barvi bo obogatila vsak prostor. Rocersa Emotion Blanco je pripeljana iz \u0160panije in je zelo kvalitetna. Velikost te plo\u0161\u010dice je 31.6&#215;59.34 cm. 22.98 EUR v klasi\u010dni trgovini, pri nas pa le 18.38 EUR. Kliknite na ime [&hellip;]<\/p>\n","protected":false},"featured_media":101133,"template":"","meta":[],"product_cat":[200,999,99921437,250],"product_tag":[],"_links":{"self":[{"href":"https:\/\/www.keramika.com\/slovenija\/wp-json\/wp\/v2\/product\/101132"}],"collection":[{"href":"https:\/\/www.keramika.com\/slovenija\/wp-json\/wp\/v2\/product"}],"about":[{"href":"https:\/\/www.keramika.com\/slovenija\/wp-json\/wp\/v2\/types\/product"}],"wp:featuredmedia":[{"embeddable":true,"href":"https:\/\/www.keramika.com\/slovenija\/wp-json\/wp\/v2\/media\/101133"}],"wp:attachment":[{"href":"https:\/\/www.keramika.com\/slovenija\/wp-json\/wp\/v2\/media?parent=101132"}],"wp:term":[{"taxonomy":"product_cat","embeddable":true,"href":"https:\/\/www.keramika.com\/slovenija\/wp-json\/wp\/v2\/product_cat?post=101132"},{"taxonomy":"product_tag","embeddable":true,"href":"https:\/\/www.keramika.com\/slovenija\/wp-json\/wp\/v2\/product_tag?post=101132"}],"curies":[{"name":"wp","href":"https:\/\/api.w.org\/{rel}","templated":true}]}}