{"id":101122,"date":"2017-03-22T22:49:52","date_gmt":"2017-03-22T22:49:52","guid":{"rendered":"http:\/\/keramika.holest.com\/slovenija\/product\/rocersa-columbia-malaquita\/"},"modified":"2026-01-01T00:02:33","modified_gmt":"2026-01-01T00:02:33","slug":"rocersa-columbia-malaquita","status":"publish","type":"product","link":"https:\/\/www.keramika.com\/slovenija\/rocersa-columbia-malaquita\/","title":{"rendered":"Rocersa Columbia Malaquita"},"content":{"rendered":"<p>Debelina kar 9 mm dela to plo\u0161\u010dico zelo trpe\u017eno in presti\u017eno na otip. Ta plo\u0161\u010dica prihaja iz \u0160panije, ki je znana po kvalitetni keramiki. Na spletu boste za to plo\u0161\u010dico od\u0161teli le 26.18 EUR, medtem ko v redni prodaji cena zna\u0161a 32.73 EUR. Velikost te plo\u0161\u010dice je 47.2&#215;70.8 cm. Ta model plo\u0161\u010dice se najbolje prodaja v sivi barvi.<\/p>\n<p>Kliknite na ime kolekcije za ogled vseh plo\u0161\u010dic iz te serije: <a class=\"pdfcatal\" href=\"\/\/www.ceramictiles.com\/pdf\/rocersa\/catalogue_rocersa_columbia.pdf\" onclick=\"recordOutboundLink(this, 'E-mail', 'Description PDF');return false;\">Rocersa Ceramica Columbia<\/a><\/p>\n<p>\u010ce \u017eelite naro\u010diti model iz pdf kataloga te kolekcije, nam pi\u0161ite na: <a href=\"mailto:keramoteka.salon@gmail.com\" onclick=\"recordOutboundLink(this, 'E-mail', 'Description mail');return false;\">keramoteka.salon@gmail.com<\/a> ali pa nas pokli\u010dite na: 031 255 900.<\/p>\n","protected":false},"excerpt":{"rendered":"<p>Debelina kar 9 mm dela to plo\u0161\u010dico zelo trpe\u017eno in presti\u017eno na otip. Ta plo\u0161\u010dica prihaja iz \u0160panije, ki je znana po kvalitetni keramiki. Na spletu boste za to plo\u0161\u010dico od\u0161teli le 26.18 EUR, medtem ko v redni prodaji cena zna\u0161a 32.73 EUR. Velikost te plo\u0161\u010dice je 47.2&#215;70.8 cm. Ta model plo\u0161\u010dice se najbolje prodaja [&hellip;]<\/p>\n","protected":false},"featured_media":101123,"template":"","meta":[],"product_cat":[200,999,99921437,240],"product_tag":[],"_links":{"self":[{"href":"https:\/\/www.keramika.com\/slovenija\/wp-json\/wp\/v2\/product\/101122"}],"collection":[{"href":"https:\/\/www.keramika.com\/slovenija\/wp-json\/wp\/v2\/product"}],"about":[{"href":"https:\/\/www.keramika.com\/slovenija\/wp-json\/wp\/v2\/types\/product"}],"wp:featuredmedia":[{"embeddable":true,"href":"https:\/\/www.keramika.com\/slovenija\/wp-json\/wp\/v2\/media\/101123"}],"wp:attachment":[{"href":"https:\/\/www.keramika.com\/slovenija\/wp-json\/wp\/v2\/media?parent=101122"}],"wp:term":[{"taxonomy":"product_cat","embeddable":true,"href":"https:\/\/www.keramika.com\/slovenija\/wp-json\/wp\/v2\/product_cat?post=101122"},{"taxonomy":"product_tag","embeddable":true,"href":"https:\/\/www.keramika.com\/slovenija\/wp-json\/wp\/v2\/product_tag?post=101122"}],"curies":[{"name":"wp","href":"https:\/\/api.w.org\/{rel}","templated":true}]}}