{"id":101120,"date":"2017-03-22T22:49:49","date_gmt":"2017-03-22T22:49:49","guid":{"rendered":"http:\/\/keramika.holest.com\/slovenija\/product\/rocersa-clown-naranja\/"},"modified":"2026-01-01T00:02:33","modified_gmt":"2026-01-01T00:02:33","slug":"rocersa-clown-naranja","status":"publish","type":"product","link":"https:\/\/www.keramika.com\/slovenija\/rocersa-clown-naranja\/","title":{"rendered":"Rocersa Clown Naranja"},"content":{"rendered":"<p>9 mm je debelina, ki zadovolji tudi zahtevnej\u0161e kupce. V redni prodaji bi morali za to plo\u0161\u010dico od\u0161teti 21.78 EUR, spletna cena pa zna\u0161a le 17.42 EUR. Ta plo\u0161\u010dica je na voljo v \u010dudoviti oran\u017eni barvi, \u010de \u017eelite kak\u0161no drugo barvo pa nas kontaktirajte in preverili bomo pri proizvajalcu. Plo\u0161\u010dica na sliki je velika 31.6&#215;31.6 cm. Rocersa Clown Naranja je pripeljana iz \u0160panije in je zelo kvalitetna.<\/p>\n<p>Kliknite na ime kolekcije za ogled vseh plo\u0161\u010dic iz te serije: <a class=\"pdfcatal\" href=\"\/\/www.ceramictiles.com\/pdf\/rocersa\/catalogue_rocersa_clown.pdf\" onclick=\"recordOutboundLink(this, 'E-mail', 'Description PDF');return false;\">Rocersa Ceramica Clown<\/a><\/p>\n<p>\u010ce \u017eelite naro\u010diti model iz pdf kataloga te kolekcije, nam pi\u0161ite na: <a href=\"mailto:keramoteka.salon@gmail.com\" onclick=\"recordOutboundLink(this, 'E-mail', 'Description mail');return false;\">keramoteka.salon@gmail.com<\/a> ali pa nas pokli\u010dite na: 031 255 900.<\/p>\n","protected":false},"excerpt":{"rendered":"<p>9 mm je debelina, ki zadovolji tudi zahtevnej\u0161e kupce. V redni prodaji bi morali za to plo\u0161\u010dico od\u0161teti 21.78 EUR, spletna cena pa zna\u0161a le 17.42 EUR. Ta plo\u0161\u010dica je na voljo v \u010dudoviti oran\u017eni barvi, \u010de \u017eelite kak\u0161no drugo barvo pa nas kontaktirajte in preverili bomo pri proizvajalcu. Plo\u0161\u010dica na sliki je velika 31.6&#215;31.6 [&hellip;]<\/p>\n","protected":false},"featured_media":101121,"template":"","meta":[],"product_cat":[200,999,99921437,240],"product_tag":[],"_links":{"self":[{"href":"https:\/\/www.keramika.com\/slovenija\/wp-json\/wp\/v2\/product\/101120"}],"collection":[{"href":"https:\/\/www.keramika.com\/slovenija\/wp-json\/wp\/v2\/product"}],"about":[{"href":"https:\/\/www.keramika.com\/slovenija\/wp-json\/wp\/v2\/types\/product"}],"wp:featuredmedia":[{"embeddable":true,"href":"https:\/\/www.keramika.com\/slovenija\/wp-json\/wp\/v2\/media\/101121"}],"wp:attachment":[{"href":"https:\/\/www.keramika.com\/slovenija\/wp-json\/wp\/v2\/media?parent=101120"}],"wp:term":[{"taxonomy":"product_cat","embeddable":true,"href":"https:\/\/www.keramika.com\/slovenija\/wp-json\/wp\/v2\/product_cat?post=101120"},{"taxonomy":"product_tag","embeddable":true,"href":"https:\/\/www.keramika.com\/slovenija\/wp-json\/wp\/v2\/product_tag?post=101120"}],"curies":[{"name":"wp","href":"https:\/\/api.w.org\/{rel}","templated":true}]}}