{"id":101110,"date":"2017-03-22T22:49:37","date_gmt":"2017-03-22T22:49:37","guid":{"rendered":"http:\/\/keramika.holest.com\/slovenija\/product\/rocersa-canaima-blanco\/"},"modified":"2026-01-01T00:02:31","modified_gmt":"2026-01-01T00:02:31","slug":"rocersa-canaima-blanco","status":"publish","type":"product","link":"https:\/\/www.keramika.com\/slovenija\/rocersa-canaima-blanco\/","title":{"rendered":"Rocersa Canaima Blanco"},"content":{"rendered":"<p>Namesto 18.7 EUR kot bi za to plo\u0161\u010dico od\u0161teli v klasi\u010dni trgovini, boste v na\u0161i spletni prodajalni od\u0161teli le 14.96 EUR. Zelo moderna plo\u0161\u010dica v beli barvi popestri prav vsak prostor. Plo\u0161\u010dica je debela kar 9 mm, kar jo uvr\u0161\u010da med bolj trde plo\u0161\u010dice. Prihaja iz \u0160panije, ki po svetu slovi kot ena bolj\u0161ih proizvajalk kerami\u010dnih plo\u0161\u010dic. Velikost te plo\u0161\u010dice je 25&#215;40 cm.<\/p>\n<p>Kliknite na ime kolekcije za ogled vseh plo\u0161\u010dic iz te serije: <a class=\"pdfcatal\" href=\"\/\/www.ceramictiles.com\/pdf\/rocersa\/catalogue_rocersa_canaima.pdf\" onclick=\"recordOutboundLink(this, 'E-mail', 'Description PDF');return false;\">Rocersa Ceramica Canaima<\/a><\/p>\n<p>\u010ce \u017eelite naro\u010diti model iz pdf kataloga te kolekcije, nam pi\u0161ite na: <a href=\"mailto:keramoteka.salon@gmail.com\" onclick=\"recordOutboundLink(this, 'E-mail', 'Description mail');return false;\">keramoteka.salon@gmail.com<\/a> ali pa nas pokli\u010dite na: 031 255 900.<\/p>\n","protected":false},"excerpt":{"rendered":"<p>Namesto 18.7 EUR kot bi za to plo\u0161\u010dico od\u0161teli v klasi\u010dni trgovini, boste v na\u0161i spletni prodajalni od\u0161teli le 14.96 EUR. Zelo moderna plo\u0161\u010dica v beli barvi popestri prav vsak prostor. Plo\u0161\u010dica je debela kar 9 mm, kar jo uvr\u0161\u010da med bolj trde plo\u0161\u010dice. Prihaja iz \u0160panije, ki po svetu slovi kot ena bolj\u0161ih proizvajalk [&hellip;]<\/p>\n","protected":false},"featured_media":101111,"template":"","meta":[],"product_cat":[200,999,99921437,250],"product_tag":[],"_links":{"self":[{"href":"https:\/\/www.keramika.com\/slovenija\/wp-json\/wp\/v2\/product\/101110"}],"collection":[{"href":"https:\/\/www.keramika.com\/slovenija\/wp-json\/wp\/v2\/product"}],"about":[{"href":"https:\/\/www.keramika.com\/slovenija\/wp-json\/wp\/v2\/types\/product"}],"wp:featuredmedia":[{"embeddable":true,"href":"https:\/\/www.keramika.com\/slovenija\/wp-json\/wp\/v2\/media\/101111"}],"wp:attachment":[{"href":"https:\/\/www.keramika.com\/slovenija\/wp-json\/wp\/v2\/media?parent=101110"}],"wp:term":[{"taxonomy":"product_cat","embeddable":true,"href":"https:\/\/www.keramika.com\/slovenija\/wp-json\/wp\/v2\/product_cat?post=101110"},{"taxonomy":"product_tag","embeddable":true,"href":"https:\/\/www.keramika.com\/slovenija\/wp-json\/wp\/v2\/product_tag?post=101110"}],"curies":[{"name":"wp","href":"https:\/\/api.w.org\/{rel}","templated":true}]}}