{"id":101100,"date":"2017-03-22T22:49:26","date_gmt":"2017-03-22T22:49:26","guid":{"rendered":"http:\/\/keramika.holest.com\/slovenija\/product\/rocersa-beta-azul\/"},"modified":"2026-01-01T00:02:30","modified_gmt":"2026-01-01T00:02:30","slug":"rocersa-beta-azul","status":"publish","type":"product","link":"https:\/\/www.keramika.com\/slovenija\/rocersa-beta-azul\/","title":{"rendered":"Rocersa Beta Azul"},"content":{"rendered":"<p>Debelina plo\u0161\u010dice je zelo pomembna in 9 mm uvr\u0161\u010da to plo\u0161\u010dico med najkvalitetnej\u0161e. Ta plo\u0161\u010dica prihaja iz \u0160panije, ki je znana po kvalitetni keramiki. Dimenzije te plo\u0161\u010dice so 31.6&#215;59.34 cm. Redna cena te plo\u0161\u010dice v maloprodaji zna\u0161a 20.84 EUR, v na\u0161i spletni trgovini pa jo lahko dobite \u017ee za 16.67 EUR. Ta kerami\u010dna plo\u0161\u010dica v \u010dudoviti modri barvi bo obogatila vsak prostor.<\/p>\n<p>Kliknite na ime kolekcije za ogled vseh plo\u0161\u010dic iz te serije: <a class=\"pdfcatal\" href=\"\/\/www.ceramictiles.com\/pdf\/rocersa\/catalogue_rocersa_beta.pdf\" onclick=\"recordOutboundLink(this, 'E-mail', 'Description PDF');return false;\">Rocersa Ceramica Beta<\/a><\/p>\n<p>\u010ce \u017eelite naro\u010diti model iz pdf kataloga te kolekcije, nam pi\u0161ite na: <a href=\"mailto:keramoteka.salon@gmail.com\" onclick=\"recordOutboundLink(this, 'E-mail', 'Description mail');return false;\">keramoteka.salon@gmail.com<\/a> ali pa nas pokli\u010dite na: 031 255 900.<\/p>\n","protected":false},"excerpt":{"rendered":"<p>Debelina plo\u0161\u010dice je zelo pomembna in 9 mm uvr\u0161\u010da to plo\u0161\u010dico med najkvalitetnej\u0161e. Ta plo\u0161\u010dica prihaja iz \u0160panije, ki je znana po kvalitetni keramiki. Dimenzije te plo\u0161\u010dice so 31.6&#215;59.34 cm. Redna cena te plo\u0161\u010dice v maloprodaji zna\u0161a 20.84 EUR, v na\u0161i spletni trgovini pa jo lahko dobite \u017ee za 16.67 EUR. Ta kerami\u010dna plo\u0161\u010dica v [&hellip;]<\/p>\n","protected":false},"featured_media":101101,"template":"","meta":[],"product_cat":[200,999,99921437,250],"product_tag":[],"_links":{"self":[{"href":"https:\/\/www.keramika.com\/slovenija\/wp-json\/wp\/v2\/product\/101100"}],"collection":[{"href":"https:\/\/www.keramika.com\/slovenija\/wp-json\/wp\/v2\/product"}],"about":[{"href":"https:\/\/www.keramika.com\/slovenija\/wp-json\/wp\/v2\/types\/product"}],"wp:featuredmedia":[{"embeddable":true,"href":"https:\/\/www.keramika.com\/slovenija\/wp-json\/wp\/v2\/media\/101101"}],"wp:attachment":[{"href":"https:\/\/www.keramika.com\/slovenija\/wp-json\/wp\/v2\/media?parent=101100"}],"wp:term":[{"taxonomy":"product_cat","embeddable":true,"href":"https:\/\/www.keramika.com\/slovenija\/wp-json\/wp\/v2\/product_cat?post=101100"},{"taxonomy":"product_tag","embeddable":true,"href":"https:\/\/www.keramika.com\/slovenija\/wp-json\/wp\/v2\/product_tag?post=101100"}],"curies":[{"name":"wp","href":"https:\/\/api.w.org\/{rel}","templated":true}]}}