{"id":101088,"date":"2017-03-22T22:49:11","date_gmt":"2017-03-22T22:49:11","guid":{"rendered":"http:\/\/keramika.holest.com\/slovenija\/product\/rocersa-aliste-beige\/"},"modified":"2026-01-01T00:02:28","modified_gmt":"2026-01-01T00:02:28","slug":"rocersa-aliste-beige","status":"publish","type":"product","link":"https:\/\/www.keramika.com\/slovenija\/rocersa-aliste-beige\/","title":{"rendered":"Rocersa Aliste Beige"},"content":{"rendered":"<p>Pri izbiri plo\u0161\u010dice v be\u017e barvi ne morete zgre\u0161iti. 9 mm je debelina, ki zadovolji tudi zahtevnej\u0161e kupce. Dimenzije te plo\u0161\u010dice so 31.6&#215;31.6 cm. Redna cena te plo\u0161\u010dice v maloprodaji zna\u0161a 21.38 EUR, v na\u0161i spletni trgovini pa jo lahko dobite \u017ee za 17.1 EUR. Prihaja iz \u0160panije, ki po svetu slovi kot ena bolj\u0161ih proizvajalk kerami\u010dnih plo\u0161\u010dic.<\/p>\n<p>Kliknite na ime kolekcije za ogled vseh plo\u0161\u010dic iz te serije: <a class=\"pdfcatal\" href=\"\/\/www.ceramictiles.com\/pdf\/rocersa\/catalogue_rocersa_aliste.pdf\" onclick=\"recordOutboundLink(this, 'E-mail', 'Description PDF');return false;\">Rocersa Ceramica Aliste<\/a><\/p>\n<p>\u010ce \u017eelite naro\u010diti model iz pdf kataloga te kolekcije, nam pi\u0161ite na: <a href=\"mailto:keramoteka.salon@gmail.com\" onclick=\"recordOutboundLink(this, 'E-mail', 'Description mail');return false;\">keramoteka.salon@gmail.com<\/a> ali pa nas pokli\u010dite na: 031 255 900.<\/p>\n","protected":false},"excerpt":{"rendered":"<p>Pri izbiri plo\u0161\u010dice v be\u017e barvi ne morete zgre\u0161iti. 9 mm je debelina, ki zadovolji tudi zahtevnej\u0161e kupce. Dimenzije te plo\u0161\u010dice so 31.6&#215;31.6 cm. Redna cena te plo\u0161\u010dice v maloprodaji zna\u0161a 21.38 EUR, v na\u0161i spletni trgovini pa jo lahko dobite \u017ee za 17.1 EUR. Prihaja iz \u0160panije, ki po svetu slovi kot ena bolj\u0161ih [&hellip;]<\/p>\n","protected":false},"featured_media":101089,"template":"","meta":[],"product_cat":[200,999,99921437,240],"product_tag":[],"_links":{"self":[{"href":"https:\/\/www.keramika.com\/slovenija\/wp-json\/wp\/v2\/product\/101088"}],"collection":[{"href":"https:\/\/www.keramika.com\/slovenija\/wp-json\/wp\/v2\/product"}],"about":[{"href":"https:\/\/www.keramika.com\/slovenija\/wp-json\/wp\/v2\/types\/product"}],"wp:featuredmedia":[{"embeddable":true,"href":"https:\/\/www.keramika.com\/slovenija\/wp-json\/wp\/v2\/media\/101089"}],"wp:attachment":[{"href":"https:\/\/www.keramika.com\/slovenija\/wp-json\/wp\/v2\/media?parent=101088"}],"wp:term":[{"taxonomy":"product_cat","embeddable":true,"href":"https:\/\/www.keramika.com\/slovenija\/wp-json\/wp\/v2\/product_cat?post=101088"},{"taxonomy":"product_tag","embeddable":true,"href":"https:\/\/www.keramika.com\/slovenija\/wp-json\/wp\/v2\/product_tag?post=101088"}],"curies":[{"name":"wp","href":"https:\/\/api.w.org\/{rel}","templated":true}]}}