{"id":101084,"date":"2017-03-22T22:49:07","date_gmt":"2017-03-22T22:49:07","guid":{"rendered":"http:\/\/keramika.holest.com\/slovenija\/product\/harmony-d-osaka-h\/"},"modified":"2017-03-22T22:49:07","modified_gmt":"2017-03-22T22:49:07","slug":"harmony-d-osaka-h","status":"publish","type":"product","link":"https:\/\/www.keramika.com\/slovenija\/harmony-d-osaka-h\/","title":{"rendered":"Harmony D. Osaka-H"},"content":{"rendered":"<p>Ta model plo\u0161\u010dice se najbolje prodaja v rjavi barvi. Velikost te plo\u0161\u010dice je 28&#215;28 cm. Harmony D. Osaka-H je pripeljana iz \u0160panije in je zelo kvalitetna. Debelina kar 8 mm dela to plo\u0161\u010dico zelo trpe\u017eno in presti\u017eno na otip.<\/p>\n<p>Kliknite na ime kolekcije za ogled vseh plo\u0161\u010dic iz te serije: <a class=\"pdfcatal\" href=\"\/\/www.ceramictiles.com\/pdf\/peronda\/catalogue_peronda_harmony.pdf\" onclick=\"recordOutboundLink(this, 'E-mail', 'Description PDF');return false;\">Peronda Ceramicas Harmony<\/a><\/p>\n<p>\u010ce \u017eelite naro\u010diti model iz pdf kataloga te kolekcije, nam pi\u0161ite na: <a href=\"mailto:keramoteka.salon@gmail.com\" onclick=\"recordOutboundLink(this, 'E-mail', 'Description mail');return false;\">keramoteka.salon@gmail.com<\/a> ali pa nas pokli\u010dite na: 031 255 900.<\/p>\n","protected":false},"excerpt":{"rendered":"<p>Ta model plo\u0161\u010dice se najbolje prodaja v rjavi barvi. Velikost te plo\u0161\u010dice je 28&#215;28 cm. Harmony D. Osaka-H je pripeljana iz \u0160panije in je zelo kvalitetna. Debelina kar 8 mm dela to plo\u0161\u010dico zelo trpe\u017eno in presti\u017eno na otip. Kliknite na ime kolekcije za ogled vseh plo\u0161\u010dic iz te serije: Peronda Ceramicas Harmony \u010ce \u017eelite [&hellip;]<\/p>\n","protected":false},"featured_media":101085,"template":"","meta":[],"product_cat":[200,999109,999,250],"product_tag":[],"_links":{"self":[{"href":"https:\/\/www.keramika.com\/slovenija\/wp-json\/wp\/v2\/product\/101084"}],"collection":[{"href":"https:\/\/www.keramika.com\/slovenija\/wp-json\/wp\/v2\/product"}],"about":[{"href":"https:\/\/www.keramika.com\/slovenija\/wp-json\/wp\/v2\/types\/product"}],"wp:featuredmedia":[{"embeddable":true,"href":"https:\/\/www.keramika.com\/slovenija\/wp-json\/wp\/v2\/media\/101085"}],"wp:attachment":[{"href":"https:\/\/www.keramika.com\/slovenija\/wp-json\/wp\/v2\/media?parent=101084"}],"wp:term":[{"taxonomy":"product_cat","embeddable":true,"href":"https:\/\/www.keramika.com\/slovenija\/wp-json\/wp\/v2\/product_cat?post=101084"},{"taxonomy":"product_tag","embeddable":true,"href":"https:\/\/www.keramika.com\/slovenija\/wp-json\/wp\/v2\/product_tag?post=101084"}],"curies":[{"name":"wp","href":"https:\/\/api.w.org\/{rel}","templated":true}]}}