{"id":101066,"date":"2017-03-22T22:48:49","date_gmt":"2017-03-22T22:48:49","guid":{"rendered":"http:\/\/keramika.holest.com\/slovenija\/product\/museum-led-n\/"},"modified":"2017-03-22T22:48:49","modified_gmt":"2017-03-22T22:48:49","slug":"museum-led-n","status":"publish","type":"product","link":"https:\/\/www.keramika.com\/slovenija\/museum-led-n\/","title":{"rendered":"Museum Led-N"},"content":{"rendered":"<p>Z 44&#215;44 cm je ta plo\u0161\u010dica primerna za razli\u010dne podlage. Ta kerami\u010dna plo\u0161\u010dica v \u010dudoviti \u010drni barvi bo obogatila vsak prostor. Prihaja iz \u0160panije, ki po svetu slovi kot ena bolj\u0161ih proizvajalk kerami\u010dnih plo\u0161\u010dic. Ta plo\u0161\u010dica je debela 10 mm in je zelo trpe\u017ena.<\/p>\n<p>Kliknite na ime kolekcije za ogled vseh plo\u0161\u010dic iz te serije: <a class=\"pdfcatal\" href=\"\/\/www.ceramictiles.com\/pdf\/peronda\/catalogue_peronda_museum_led.pdf\" onclick=\"recordOutboundLink(this, 'E-mail', 'Description PDF');return false;\">Peronda Ceramicas Museum Led<\/a><\/p>\n<p>\u010ce \u017eelite naro\u010diti model iz pdf kataloga te kolekcije, nam pi\u0161ite na: <a href=\"mailto:keramoteka.salon@gmail.com\" onclick=\"recordOutboundLink(this, 'E-mail', 'Description mail');return false;\">keramoteka.salon@gmail.com<\/a> ali pa nas pokli\u010dite na: 031 255 900.<\/p>\n","protected":false},"excerpt":{"rendered":"<p>Z 44&#215;44 cm je ta plo\u0161\u010dica primerna za razli\u010dne podlage. Ta kerami\u010dna plo\u0161\u010dica v \u010dudoviti \u010drni barvi bo obogatila vsak prostor. Prihaja iz \u0160panije, ki po svetu slovi kot ena bolj\u0161ih proizvajalk kerami\u010dnih plo\u0161\u010dic. Ta plo\u0161\u010dica je debela 10 mm in je zelo trpe\u017ena. Kliknite na ime kolekcije za ogled vseh plo\u0161\u010dic iz te serije: [&hellip;]<\/p>\n","protected":false},"featured_media":101067,"template":"","meta":[],"product_cat":[200,999109,999,240],"product_tag":[],"_links":{"self":[{"href":"https:\/\/www.keramika.com\/slovenija\/wp-json\/wp\/v2\/product\/101066"}],"collection":[{"href":"https:\/\/www.keramika.com\/slovenija\/wp-json\/wp\/v2\/product"}],"about":[{"href":"https:\/\/www.keramika.com\/slovenija\/wp-json\/wp\/v2\/types\/product"}],"wp:featuredmedia":[{"embeddable":true,"href":"https:\/\/www.keramika.com\/slovenija\/wp-json\/wp\/v2\/media\/101067"}],"wp:attachment":[{"href":"https:\/\/www.keramika.com\/slovenija\/wp-json\/wp\/v2\/media?parent=101066"}],"wp:term":[{"taxonomy":"product_cat","embeddable":true,"href":"https:\/\/www.keramika.com\/slovenija\/wp-json\/wp\/v2\/product_cat?post=101066"},{"taxonomy":"product_tag","embeddable":true,"href":"https:\/\/www.keramika.com\/slovenija\/wp-json\/wp\/v2\/product_tag?post=101066"}],"curies":[{"name":"wp","href":"https:\/\/api.w.org\/{rel}","templated":true}]}}