{"id":101060,"date":"2017-03-22T22:48:43","date_gmt":"2017-03-22T22:48:43","guid":{"rendered":"http:\/\/keramika.holest.com\/slovenija\/product\/museum-grevin-h\/"},"modified":"2017-03-22T22:48:43","modified_gmt":"2017-03-22T22:48:43","slug":"museum-grevin-h","status":"publish","type":"product","link":"https:\/\/www.keramika.com\/slovenija\/museum-grevin-h\/","title":{"rendered":"Museum Grevin-H"},"content":{"rendered":"<p>Letos so plo\u0161\u010dice v sivi barvi zelo za\u017eeljene. To plo\u0161\u010dico je izdelal proizvajalec Peronda Ceramicas, ki prihaja iz \u0160panije. Debelina plo\u0161\u010dice je zelo pomembna in 12 mm uvr\u0161\u010da to plo\u0161\u010dico med najkvalitetnej\u0161e. Plo\u0161\u010dica na sliki je velika 60&#215;120 cm.<\/p>\n<p>Kliknite na ime kolekcije za ogled vseh plo\u0161\u010dic iz te serije: <a class=\"pdfcatal\" href=\"\/\/www.ceramictiles.com\/pdf\/peronda\/catalogue_peronda_museum_grevin.pdf\" onclick=\"recordOutboundLink(this, 'E-mail', 'Description PDF');return false;\">Peronda Ceramicas Museum Grevin<\/a><\/p>\n<p>\u010ce \u017eelite naro\u010diti model iz pdf kataloga te kolekcije, nam pi\u0161ite na: <a href=\"mailto:keramoteka.salon@gmail.com\" onclick=\"recordOutboundLink(this, 'E-mail', 'Description mail');return false;\">keramoteka.salon@gmail.com<\/a> ali pa nas pokli\u010dite na: 031 255 900.<\/p>\n","protected":false},"excerpt":{"rendered":"<p>Letos so plo\u0161\u010dice v sivi barvi zelo za\u017eeljene. To plo\u0161\u010dico je izdelal proizvajalec Peronda Ceramicas, ki prihaja iz \u0160panije. Debelina plo\u0161\u010dice je zelo pomembna in 12 mm uvr\u0161\u010da to plo\u0161\u010dico med najkvalitetnej\u0161e. Plo\u0161\u010dica na sliki je velika 60&#215;120 cm. Kliknite na ime kolekcije za ogled vseh plo\u0161\u010dic iz te serije: Peronda Ceramicas Museum Grevin \u010ce [&hellip;]<\/p>\n","protected":false},"featured_media":101061,"template":"","meta":[],"product_cat":[200,999109,999,240],"product_tag":[],"_links":{"self":[{"href":"https:\/\/www.keramika.com\/slovenija\/wp-json\/wp\/v2\/product\/101060"}],"collection":[{"href":"https:\/\/www.keramika.com\/slovenija\/wp-json\/wp\/v2\/product"}],"about":[{"href":"https:\/\/www.keramika.com\/slovenija\/wp-json\/wp\/v2\/types\/product"}],"wp:featuredmedia":[{"embeddable":true,"href":"https:\/\/www.keramika.com\/slovenija\/wp-json\/wp\/v2\/media\/101061"}],"wp:attachment":[{"href":"https:\/\/www.keramika.com\/slovenija\/wp-json\/wp\/v2\/media?parent=101060"}],"wp:term":[{"taxonomy":"product_cat","embeddable":true,"href":"https:\/\/www.keramika.com\/slovenija\/wp-json\/wp\/v2\/product_cat?post=101060"},{"taxonomy":"product_tag","embeddable":true,"href":"https:\/\/www.keramika.com\/slovenija\/wp-json\/wp\/v2\/product_tag?post=101060"}],"curies":[{"name":"wp","href":"https:\/\/api.w.org\/{rel}","templated":true}]}}