{"id":101054,"date":"2017-03-22T22:48:39","date_gmt":"2017-03-22T22:48:39","guid":{"rendered":"http:\/\/keramika.holest.com\/slovenija\/product\/museum-chapel-p\/"},"modified":"2017-03-22T22:48:39","modified_gmt":"2017-03-22T22:48:39","slug":"museum-chapel-p","status":"publish","type":"product","link":"https:\/\/www.keramika.com\/slovenija\/museum-chapel-p\/","title":{"rendered":"Museum Chapel-P"},"content":{"rendered":"<p>12 mm debeline je dovolj tudi za zahtevnej\u0161e kupce. Zelo moderna plo\u0161\u010dica v be\u017e barvi popestri prav vsak prostor. Velikost te plo\u0161\u010dice je 60&#215;120 cm in je primerna za razli\u010dne povr\u0161ine. To plo\u0161\u010dico je izdelal proizvajalec Peronda Ceramicas, ki prihaja iz \u0160panije.<\/p>\n<p>Kliknite na ime kolekcije za ogled vseh plo\u0161\u010dic iz te serije: <a class=\"pdfcatal\" href=\"\/\/www.ceramictiles.com\/pdf\/peronda\/catalogue_peronda_museum_chapel.pdf\" onclick=\"recordOutboundLink(this, 'E-mail', 'Description PDF');return false;\">Peronda Ceramicas Museum Chapel<\/a><\/p>\n<p>\u010ce \u017eelite naro\u010diti model iz pdf kataloga te kolekcije, nam pi\u0161ite na: <a href=\"mailto:keramoteka.salon@gmail.com\" onclick=\"recordOutboundLink(this, 'E-mail', 'Description mail');return false;\">keramoteka.salon@gmail.com<\/a> ali pa nas pokli\u010dite na: 031 255 900.<\/p>\n","protected":false},"excerpt":{"rendered":"<p>12 mm debeline je dovolj tudi za zahtevnej\u0161e kupce. Zelo moderna plo\u0161\u010dica v be\u017e barvi popestri prav vsak prostor. Velikost te plo\u0161\u010dice je 60&#215;120 cm in je primerna za razli\u010dne povr\u0161ine. To plo\u0161\u010dico je izdelal proizvajalec Peronda Ceramicas, ki prihaja iz \u0160panije. Kliknite na ime kolekcije za ogled vseh plo\u0161\u010dic iz te serije: Peronda Ceramicas [&hellip;]<\/p>\n","protected":false},"featured_media":101055,"template":"","meta":[],"product_cat":[200,999109,999,240],"product_tag":[],"_links":{"self":[{"href":"https:\/\/www.keramika.com\/slovenija\/wp-json\/wp\/v2\/product\/101054"}],"collection":[{"href":"https:\/\/www.keramika.com\/slovenija\/wp-json\/wp\/v2\/product"}],"about":[{"href":"https:\/\/www.keramika.com\/slovenija\/wp-json\/wp\/v2\/types\/product"}],"wp:featuredmedia":[{"embeddable":true,"href":"https:\/\/www.keramika.com\/slovenija\/wp-json\/wp\/v2\/media\/101055"}],"wp:attachment":[{"href":"https:\/\/www.keramika.com\/slovenija\/wp-json\/wp\/v2\/media?parent=101054"}],"wp:term":[{"taxonomy":"product_cat","embeddable":true,"href":"https:\/\/www.keramika.com\/slovenija\/wp-json\/wp\/v2\/product_cat?post=101054"},{"taxonomy":"product_tag","embeddable":true,"href":"https:\/\/www.keramika.com\/slovenija\/wp-json\/wp\/v2\/product_tag?post=101054"}],"curies":[{"name":"wp","href":"https:\/\/api.w.org\/{rel}","templated":true}]}}