{"id":101050,"date":"2017-03-22T22:48:35","date_gmt":"2017-03-22T22:48:35","guid":{"rendered":"http:\/\/keramika.holest.com\/slovenija\/product\/museum-bansky-p\/"},"modified":"2017-03-22T22:48:35","modified_gmt":"2017-03-22T22:48:35","slug":"museum-bansky-p","status":"publish","type":"product","link":"https:\/\/www.keramika.com\/slovenija\/museum-bansky-p\/","title":{"rendered":"Museum Bansky-P"},"content":{"rendered":"<p>Ta model plo\u0161\u010dice se najbolje prodaja v vijoli\u010dni barvi. To plo\u0161\u010dico je izdelal proizvajalec Peronda Ceramicas, ki prihaja iz \u0160panije. 10 mm debeline je dovolj tudi za zahtevnej\u0161e kupce. Dimenzije te plo\u0161\u010dice so 44&#215;44 cm.<\/p>\n<p>Kliknite na ime kolekcije za ogled vseh plo\u0161\u010dic iz te serije: <a class=\"pdfcatal\" href=\"\/\/www.ceramictiles.com\/pdf\/peronda\/catalogue_peronda_museum_bansky.pdf\" onclick=\"recordOutboundLink(this, 'E-mail', 'Description PDF');return false;\">Peronda Ceramicas Museum Bansky<\/a><\/p>\n<p>\u010ce \u017eelite naro\u010diti model iz pdf kataloga te kolekcije, nam pi\u0161ite na: <a href=\"mailto:keramoteka.salon@gmail.com\" onclick=\"recordOutboundLink(this, 'E-mail', 'Description mail');return false;\">keramoteka.salon@gmail.com<\/a> ali pa nas pokli\u010dite na: 031 255 900.<\/p>\n","protected":false},"excerpt":{"rendered":"<p>Ta model plo\u0161\u010dice se najbolje prodaja v vijoli\u010dni barvi. To plo\u0161\u010dico je izdelal proizvajalec Peronda Ceramicas, ki prihaja iz \u0160panije. 10 mm debeline je dovolj tudi za zahtevnej\u0161e kupce. Dimenzije te plo\u0161\u010dice so 44&#215;44 cm. Kliknite na ime kolekcije za ogled vseh plo\u0161\u010dic iz te serije: Peronda Ceramicas Museum Bansky \u010ce \u017eelite naro\u010diti model iz [&hellip;]<\/p>\n","protected":false},"featured_media":101051,"template":"","meta":[],"product_cat":[200,999109,999,240],"product_tag":[],"_links":{"self":[{"href":"https:\/\/www.keramika.com\/slovenija\/wp-json\/wp\/v2\/product\/101050"}],"collection":[{"href":"https:\/\/www.keramika.com\/slovenija\/wp-json\/wp\/v2\/product"}],"about":[{"href":"https:\/\/www.keramika.com\/slovenija\/wp-json\/wp\/v2\/types\/product"}],"wp:featuredmedia":[{"embeddable":true,"href":"https:\/\/www.keramika.com\/slovenija\/wp-json\/wp\/v2\/media\/101051"}],"wp:attachment":[{"href":"https:\/\/www.keramika.com\/slovenija\/wp-json\/wp\/v2\/media?parent=101050"}],"wp:term":[{"taxonomy":"product_cat","embeddable":true,"href":"https:\/\/www.keramika.com\/slovenija\/wp-json\/wp\/v2\/product_cat?post=101050"},{"taxonomy":"product_tag","embeddable":true,"href":"https:\/\/www.keramika.com\/slovenija\/wp-json\/wp\/v2\/product_tag?post=101050"}],"curies":[{"name":"wp","href":"https:\/\/api.w.org\/{rel}","templated":true}]}}