{"id":101048,"date":"2017-03-22T22:48:33","date_gmt":"2017-03-22T22:48:33","guid":{"rendered":"http:\/\/keramika.holest.com\/slovenija\/product\/museum-bahia-m\/"},"modified":"2017-03-22T22:48:33","modified_gmt":"2017-03-22T22:48:33","slug":"museum-bahia-m","status":"publish","type":"product","link":"https:\/\/www.keramika.com\/slovenija\/museum-bahia-m\/","title":{"rendered":"Museum Bahia-M"},"content":{"rendered":"<p>Z 44&#215;44 cm je ta plo\u0161\u010dica primerna za razli\u010dne podlage. Letos so plo\u0161\u010dice v be\u017e barvi zelo za\u017eeljene. Prihaja iz \u0160panije, ki po svetu slovi kot ena bolj\u0161ih proizvajalk kerami\u010dnih plo\u0161\u010dic. Debelina plo\u0161\u010dice je zelo pomembna in 10 mm uvr\u0161\u010da to plo\u0161\u010dico med najkvalitetnej\u0161e.<\/p>\n<p>Kliknite na ime kolekcije za ogled vseh plo\u0161\u010dic iz te serije: <a class=\"pdfcatal\" href=\"\/\/www.ceramictiles.com\/pdf\/peronda\/catalogue_peronda_museum_bahia.pdf\" onclick=\"recordOutboundLink(this, 'E-mail', 'Description PDF');return false;\">Peronda Ceramicas Museum Bahia<\/a><\/p>\n<p>\u010ce \u017eelite naro\u010diti model iz pdf kataloga te kolekcije, nam pi\u0161ite na: <a href=\"mailto:keramoteka.salon@gmail.com\" onclick=\"recordOutboundLink(this, 'E-mail', 'Description mail');return false;\">keramoteka.salon@gmail.com<\/a> ali pa nas pokli\u010dite na: 031 255 900.<\/p>\n","protected":false},"excerpt":{"rendered":"<p>Z 44&#215;44 cm je ta plo\u0161\u010dica primerna za razli\u010dne podlage. Letos so plo\u0161\u010dice v be\u017e barvi zelo za\u017eeljene. Prihaja iz \u0160panije, ki po svetu slovi kot ena bolj\u0161ih proizvajalk kerami\u010dnih plo\u0161\u010dic. Debelina plo\u0161\u010dice je zelo pomembna in 10 mm uvr\u0161\u010da to plo\u0161\u010dico med najkvalitetnej\u0161e. Kliknite na ime kolekcije za ogled vseh plo\u0161\u010dic iz te serije: [&hellip;]<\/p>\n","protected":false},"featured_media":101049,"template":"","meta":[],"product_cat":[200,999109,999,240],"product_tag":[],"_links":{"self":[{"href":"https:\/\/www.keramika.com\/slovenija\/wp-json\/wp\/v2\/product\/101048"}],"collection":[{"href":"https:\/\/www.keramika.com\/slovenija\/wp-json\/wp\/v2\/product"}],"about":[{"href":"https:\/\/www.keramika.com\/slovenija\/wp-json\/wp\/v2\/types\/product"}],"wp:featuredmedia":[{"embeddable":true,"href":"https:\/\/www.keramika.com\/slovenija\/wp-json\/wp\/v2\/media\/101049"}],"wp:attachment":[{"href":"https:\/\/www.keramika.com\/slovenija\/wp-json\/wp\/v2\/media?parent=101048"}],"wp:term":[{"taxonomy":"product_cat","embeddable":true,"href":"https:\/\/www.keramika.com\/slovenija\/wp-json\/wp\/v2\/product_cat?post=101048"},{"taxonomy":"product_tag","embeddable":true,"href":"https:\/\/www.keramika.com\/slovenija\/wp-json\/wp\/v2\/product_tag?post=101048"}],"curies":[{"name":"wp","href":"https:\/\/api.w.org\/{rel}","templated":true}]}}