{"id":101020,"date":"2017-03-22T22:48:05","date_gmt":"2017-03-22T22:48:05","guid":{"rendered":"http:\/\/keramika.holest.com\/slovenija\/product\/peronda-stone-atrium-h\/"},"modified":"2017-03-22T22:48:05","modified_gmt":"2017-03-22T22:48:05","slug":"peronda-stone-atrium-h","status":"publish","type":"product","link":"https:\/\/www.keramika.com\/slovenija\/peronda-stone-atrium-h\/","title":{"rendered":"Peronda Stone Atrium-H"},"content":{"rendered":"<p>Peronda Stone Atrium-H je plo\u0161\u010dica proizvajalca Peronda Ceramicas in prihaja iz \u0160panije. Z 45.6&#215;67.5 cm je ta plo\u0161\u010dica primerna za razli\u010dne podlage. Pri izbiri plo\u0161\u010dice v be\u017e barvi ne morete zgre\u0161iti. 10 mm je debelina, ki zadovolji tudi zahtevnej\u0161e kupce.<\/p>\n<p>Kliknite na ime kolekcije za ogled vseh plo\u0161\u010dic iz te serije: <a class=\"pdfcatal\" href=\"\/\/www.ceramictiles.com\/pdf\/peronda\/catalogue_peronda_stone_passion_atrium.pdf\" onclick=\"recordOutboundLink(this, 'E-mail', 'Description PDF');return false;\">Peronda Ceramicas Stone<\/a><\/p>\n<p>\u010ce \u017eelite naro\u010diti model iz pdf kataloga te kolekcije, nam pi\u0161ite na: <a href=\"mailto:keramoteka.salon@gmail.com\" onclick=\"recordOutboundLink(this, 'E-mail', 'Description mail');return false;\">keramoteka.salon@gmail.com<\/a> ali pa nas pokli\u010dite na: 031 255 900.<\/p>\n","protected":false},"excerpt":{"rendered":"<p>Peronda Stone Atrium-H je plo\u0161\u010dica proizvajalca Peronda Ceramicas in prihaja iz \u0160panije. Z 45.6&#215;67.5 cm je ta plo\u0161\u010dica primerna za razli\u010dne podlage. Pri izbiri plo\u0161\u010dice v be\u017e barvi ne morete zgre\u0161iti. 10 mm je debelina, ki zadovolji tudi zahtevnej\u0161e kupce. Kliknite na ime kolekcije za ogled vseh plo\u0161\u010dic iz te serije: Peronda Ceramicas Stone \u010ce [&hellip;]<\/p>\n","protected":false},"featured_media":101021,"template":"","meta":[],"product_cat":[200,999109,999,250],"product_tag":[],"_links":{"self":[{"href":"https:\/\/www.keramika.com\/slovenija\/wp-json\/wp\/v2\/product\/101020"}],"collection":[{"href":"https:\/\/www.keramika.com\/slovenija\/wp-json\/wp\/v2\/product"}],"about":[{"href":"https:\/\/www.keramika.com\/slovenija\/wp-json\/wp\/v2\/types\/product"}],"wp:featuredmedia":[{"embeddable":true,"href":"https:\/\/www.keramika.com\/slovenija\/wp-json\/wp\/v2\/media\/101021"}],"wp:attachment":[{"href":"https:\/\/www.keramika.com\/slovenija\/wp-json\/wp\/v2\/media?parent=101020"}],"wp:term":[{"taxonomy":"product_cat","embeddable":true,"href":"https:\/\/www.keramika.com\/slovenija\/wp-json\/wp\/v2\/product_cat?post=101020"},{"taxonomy":"product_tag","embeddable":true,"href":"https:\/\/www.keramika.com\/slovenija\/wp-json\/wp\/v2\/product_tag?post=101020"}],"curies":[{"name":"wp","href":"https:\/\/api.w.org\/{rel}","templated":true}]}}