{"id":101002,"date":"2017-03-22T22:47:49","date_gmt":"2017-03-22T22:47:49","guid":{"rendered":"http:\/\/keramika.holest.com\/slovenija\/product\/peronda-malta\/"},"modified":"2017-03-22T22:47:49","modified_gmt":"2017-03-22T22:47:49","slug":"peronda-malta","status":"publish","type":"product","link":"https:\/\/www.keramika.com\/slovenija\/peronda-malta\/","title":{"rendered":"Peronda Malta"},"content":{"rendered":"<p>Ta kerami\u010dna plo\u0161\u010dica v \u010dudoviti rjavi barvi bo obogatila vsak prostor. Z velikostjo 45&#215;45 cm je ta plo\u0161\u010dica primerna ze razli\u010dne povr\u0161ine. Peronda Malta prihaja iz \u0160panije, ki je znana po zelo kvalitetni keramiki v svetovnem merilu. 10 mm debeline je dovolj tudi za zahtevnej\u0161e kupce.<\/p>\n<p>Kliknite na ime kolekcije za ogled vseh plo\u0161\u010dic iz te serije: <a class=\"pdfcatal\" href=\"\/\/www.ceramictiles.com\/pdf\/peronda\/catalogue_peronda_malta.pdf\" onclick=\"recordOutboundLink(this, 'E-mail', 'Description PDF');return false;\">Peronda Ceramicas Malta<\/a><\/p>\n<p>\u010ce \u017eelite naro\u010diti model iz pdf kataloga te kolekcije, nam pi\u0161ite na: <a href=\"mailto:keramoteka.salon@gmail.com\" onclick=\"recordOutboundLink(this, 'E-mail', 'Description mail');return false;\">keramoteka.salon@gmail.com<\/a> ali pa nas pokli\u010dite na: 031 255 900.<\/p>\n","protected":false},"excerpt":{"rendered":"<p>Ta kerami\u010dna plo\u0161\u010dica v \u010dudoviti rjavi barvi bo obogatila vsak prostor. Z velikostjo 45&#215;45 cm je ta plo\u0161\u010dica primerna ze razli\u010dne povr\u0161ine. Peronda Malta prihaja iz \u0160panije, ki je znana po zelo kvalitetni keramiki v svetovnem merilu. 10 mm debeline je dovolj tudi za zahtevnej\u0161e kupce. Kliknite na ime kolekcije za ogled vseh plo\u0161\u010dic iz [&hellip;]<\/p>\n","protected":false},"featured_media":101003,"template":"","meta":[],"product_cat":[200,999109,999,240],"product_tag":[],"_links":{"self":[{"href":"https:\/\/www.keramika.com\/slovenija\/wp-json\/wp\/v2\/product\/101002"}],"collection":[{"href":"https:\/\/www.keramika.com\/slovenija\/wp-json\/wp\/v2\/product"}],"about":[{"href":"https:\/\/www.keramika.com\/slovenija\/wp-json\/wp\/v2\/types\/product"}],"wp:featuredmedia":[{"embeddable":true,"href":"https:\/\/www.keramika.com\/slovenija\/wp-json\/wp\/v2\/media\/101003"}],"wp:attachment":[{"href":"https:\/\/www.keramika.com\/slovenija\/wp-json\/wp\/v2\/media?parent=101002"}],"wp:term":[{"taxonomy":"product_cat","embeddable":true,"href":"https:\/\/www.keramika.com\/slovenija\/wp-json\/wp\/v2\/product_cat?post=101002"},{"taxonomy":"product_tag","embeddable":true,"href":"https:\/\/www.keramika.com\/slovenija\/wp-json\/wp\/v2\/product_tag?post=101002"}],"curies":[{"name":"wp","href":"https:\/\/api.w.org\/{rel}","templated":true}]}}