{"id":101000,"date":"2017-03-22T22:47:47","date_gmt":"2017-03-22T22:47:47","guid":{"rendered":"http:\/\/keramika.holest.com\/slovenija\/product\/peronda-loft-loft-g\/"},"modified":"2017-03-22T22:47:47","modified_gmt":"2017-03-22T22:47:47","slug":"peronda-loft-loft-g","status":"publish","type":"product","link":"https:\/\/www.keramika.com\/slovenija\/peronda-loft-loft-g\/","title":{"rendered":"Peronda Loft Loft-G"},"content":{"rendered":"<p>Z 61.5&#215;121.5 cm je ta plo\u0161\u010dica primerna za razli\u010dne podlage. Letos so plo\u0161\u010dice v sivi barvi zelo za\u017eeljene. Ta plo\u0161\u010dica prihaja iz \u0160panije, ki je znana po kvalitetni keramiki. Debelina plo\u0161\u010dice je zelo pomembna in 12 mm uvr\u0161\u010da to plo\u0161\u010dico med najkvalitetnej\u0161e.<\/p>\n<p>Kliknite na ime kolekcije za ogled vseh plo\u0161\u010dic iz te serije: <a class=\"pdfcatal\" href=\"\/\/www.ceramictiles.com\/pdf\/peronda\/catalogue_peronda_loft.pdf\" onclick=\"recordOutboundLink(this, 'E-mail', 'Description PDF');return false;\">Peronda Ceramicas Loft<\/a><\/p>\n<p>\u010ce \u017eelite naro\u010diti model iz pdf kataloga te kolekcije, nam pi\u0161ite na: <a href=\"mailto:keramoteka.salon@gmail.com\" onclick=\"recordOutboundLink(this, 'E-mail', 'Description mail');return false;\">keramoteka.salon@gmail.com<\/a> ali pa nas pokli\u010dite na: 031 255 900.<\/p>\n","protected":false},"excerpt":{"rendered":"<p>Z 61.5&#215;121.5 cm je ta plo\u0161\u010dica primerna za razli\u010dne podlage. Letos so plo\u0161\u010dice v sivi barvi zelo za\u017eeljene. Ta plo\u0161\u010dica prihaja iz \u0160panije, ki je znana po kvalitetni keramiki. Debelina plo\u0161\u010dice je zelo pomembna in 12 mm uvr\u0161\u010da to plo\u0161\u010dico med najkvalitetnej\u0161e. Kliknite na ime kolekcije za ogled vseh plo\u0161\u010dic iz te serije: Peronda Ceramicas [&hellip;]<\/p>\n","protected":false},"featured_media":101001,"template":"","meta":[],"product_cat":[200,999109,999,240],"product_tag":[],"_links":{"self":[{"href":"https:\/\/www.keramika.com\/slovenija\/wp-json\/wp\/v2\/product\/101000"}],"collection":[{"href":"https:\/\/www.keramika.com\/slovenija\/wp-json\/wp\/v2\/product"}],"about":[{"href":"https:\/\/www.keramika.com\/slovenija\/wp-json\/wp\/v2\/types\/product"}],"wp:featuredmedia":[{"embeddable":true,"href":"https:\/\/www.keramika.com\/slovenija\/wp-json\/wp\/v2\/media\/101001"}],"wp:attachment":[{"href":"https:\/\/www.keramika.com\/slovenija\/wp-json\/wp\/v2\/media?parent=101000"}],"wp:term":[{"taxonomy":"product_cat","embeddable":true,"href":"https:\/\/www.keramika.com\/slovenija\/wp-json\/wp\/v2\/product_cat?post=101000"},{"taxonomy":"product_tag","embeddable":true,"href":"https:\/\/www.keramika.com\/slovenija\/wp-json\/wp\/v2\/product_tag?post=101000"}],"curies":[{"name":"wp","href":"https:\/\/api.w.org\/{rel}","templated":true}]}}