{"id":100994,"date":"2017-03-22T22:47:41","date_gmt":"2017-03-22T22:47:41","guid":{"rendered":"http:\/\/keramika.holest.com\/slovenija\/product\/peronda-horm-g\/"},"modified":"2017-03-22T22:47:41","modified_gmt":"2017-03-22T22:47:41","slug":"peronda-horm-g","status":"publish","type":"product","link":"https:\/\/www.keramika.com\/slovenija\/peronda-horm-g\/","title":{"rendered":"Peronda Horm-G"},"content":{"rendered":"<p>Ta plo\u0161\u010dica je debela 12 mm in je zelo trpe\u017ena. Velikost te plo\u0161\u010dice je 60&#215;60 cm. Pri izbiri plo\u0161\u010dice v sivi barvi ne morete zgre\u0161iti. Peronda Horm-G je plo\u0161\u010dica proizvajalca Peronda Ceramicas in prihaja iz \u0160panije.<\/p>\n<p>Kliknite na ime kolekcije za ogled vseh plo\u0161\u010dic iz te serije: <a class=\"pdfcatal\" href=\"\/\/www.ceramictiles.com\/pdf\/peronda\/catalogue_peronda_horm.pdf\" onclick=\"recordOutboundLink(this, 'E-mail', 'Description PDF');return false;\">Peronda Ceramicas Horm<\/a><\/p>\n<p>\u010ce \u017eelite naro\u010diti model iz pdf kataloga te kolekcije, nam pi\u0161ite na: <a href=\"mailto:keramoteka.salon@gmail.com\" onclick=\"recordOutboundLink(this, 'E-mail', 'Description mail');return false;\">keramoteka.salon@gmail.com<\/a> ali pa nas pokli\u010dite na: 031 255 900.<\/p>\n","protected":false},"excerpt":{"rendered":"<p>Ta plo\u0161\u010dica je debela 12 mm in je zelo trpe\u017ena. Velikost te plo\u0161\u010dice je 60&#215;60 cm. Pri izbiri plo\u0161\u010dice v sivi barvi ne morete zgre\u0161iti. Peronda Horm-G je plo\u0161\u010dica proizvajalca Peronda Ceramicas in prihaja iz \u0160panije. Kliknite na ime kolekcije za ogled vseh plo\u0161\u010dic iz te serije: Peronda Ceramicas Horm \u010ce \u017eelite naro\u010diti model iz [&hellip;]<\/p>\n","protected":false},"featured_media":100995,"template":"","meta":[],"product_cat":[200,999109,999,240],"product_tag":[],"_links":{"self":[{"href":"https:\/\/www.keramika.com\/slovenija\/wp-json\/wp\/v2\/product\/100994"}],"collection":[{"href":"https:\/\/www.keramika.com\/slovenija\/wp-json\/wp\/v2\/product"}],"about":[{"href":"https:\/\/www.keramika.com\/slovenija\/wp-json\/wp\/v2\/types\/product"}],"wp:featuredmedia":[{"embeddable":true,"href":"https:\/\/www.keramika.com\/slovenija\/wp-json\/wp\/v2\/media\/100995"}],"wp:attachment":[{"href":"https:\/\/www.keramika.com\/slovenija\/wp-json\/wp\/v2\/media?parent=100994"}],"wp:term":[{"taxonomy":"product_cat","embeddable":true,"href":"https:\/\/www.keramika.com\/slovenija\/wp-json\/wp\/v2\/product_cat?post=100994"},{"taxonomy":"product_tag","embeddable":true,"href":"https:\/\/www.keramika.com\/slovenija\/wp-json\/wp\/v2\/product_tag?post=100994"}],"curies":[{"name":"wp","href":"https:\/\/api.w.org\/{rel}","templated":true}]}}