{"id":100990,"date":"2017-03-22T22:47:34","date_gmt":"2017-03-22T22:47:34","guid":{"rendered":"http:\/\/keramika.holest.com\/slovenija\/product\/peronda-fs-3\/"},"modified":"2017-03-22T22:47:34","modified_gmt":"2017-03-22T22:47:34","slug":"peronda-fs-3","status":"publish","type":"product","link":"https:\/\/www.keramika.com\/slovenija\/peronda-fs-3\/","title":{"rendered":"Peronda Fs-3"},"content":{"rendered":"<p>Ta plo\u0161\u010dica je debela 10 mm in je zelo trpe\u017ena. Letos so plo\u0161\u010dice v modri barvi zelo za\u017eeljene. Velikost te plo\u0161\u010dice je 45&#215;45 cm. Ta plo\u0161\u010dica prihaja iz \u0160panije, ki je znana po kvalitetni keramiki.<\/p>\n<p>Kliknite na ime kolekcije za ogled vseh plo\u0161\u010dic iz te serije: <a class=\"pdfcatal\" href=\"\/\/www.ceramictiles.com\/pdf\/peronda\/catalogue_peronda_fsbyperonda.pdf\" onclick=\"recordOutboundLink(this, 'E-mail', 'Description PDF');return false;\">Peronda Ceramicas Fs By Peronda<\/a><\/p>\n<p>\u010ce \u017eelite naro\u010diti model iz pdf kataloga te kolekcije, nam pi\u0161ite na: <a href=\"mailto:keramoteka.salon@gmail.com\" onclick=\"recordOutboundLink(this, 'E-mail', 'Description mail');return false;\">keramoteka.salon@gmail.com<\/a> ali pa nas pokli\u010dite na: 031 255 900.<\/p>\n","protected":false},"excerpt":{"rendered":"<p>Ta plo\u0161\u010dica je debela 10 mm in je zelo trpe\u017ena. Letos so plo\u0161\u010dice v modri barvi zelo za\u017eeljene. Velikost te plo\u0161\u010dice je 45&#215;45 cm. Ta plo\u0161\u010dica prihaja iz \u0160panije, ki je znana po kvalitetni keramiki. Kliknite na ime kolekcije za ogled vseh plo\u0161\u010dic iz te serije: Peronda Ceramicas Fs By Peronda \u010ce \u017eelite naro\u010diti model [&hellip;]<\/p>\n","protected":false},"featured_media":100991,"template":"","meta":[],"product_cat":[200,999109,999,240],"product_tag":[],"_links":{"self":[{"href":"https:\/\/www.keramika.com\/slovenija\/wp-json\/wp\/v2\/product\/100990"}],"collection":[{"href":"https:\/\/www.keramika.com\/slovenija\/wp-json\/wp\/v2\/product"}],"about":[{"href":"https:\/\/www.keramika.com\/slovenija\/wp-json\/wp\/v2\/types\/product"}],"wp:featuredmedia":[{"embeddable":true,"href":"https:\/\/www.keramika.com\/slovenija\/wp-json\/wp\/v2\/media\/100991"}],"wp:attachment":[{"href":"https:\/\/www.keramika.com\/slovenija\/wp-json\/wp\/v2\/media?parent=100990"}],"wp:term":[{"taxonomy":"product_cat","embeddable":true,"href":"https:\/\/www.keramika.com\/slovenija\/wp-json\/wp\/v2\/product_cat?post=100990"},{"taxonomy":"product_tag","embeddable":true,"href":"https:\/\/www.keramika.com\/slovenija\/wp-json\/wp\/v2\/product_tag?post=100990"}],"curies":[{"name":"wp","href":"https:\/\/api.w.org\/{rel}","templated":true}]}}