{"id":100980,"date":"2017-03-22T22:47:24","date_gmt":"2017-03-22T22:47:24","guid":{"rendered":"http:\/\/keramika.holest.com\/slovenija\/product\/peronda-clays-na\/"},"modified":"2017-03-22T22:47:24","modified_gmt":"2017-03-22T22:47:24","slug":"peronda-clays-na","status":"publish","type":"product","link":"https:\/\/www.keramika.com\/slovenija\/peronda-clays-na\/","title":{"rendered":"Peronda Clays-Na"},"content":{"rendered":"<p>Ta plo\u0161\u010dica je debela 10 mm in je zelo trpe\u017ena. Ta model plo\u0161\u010dice se najbolje prodaja v oran\u017eni barvi. Peronda Clays-Na prihaja iz \u0160panije, ki je znana po zelo kvalitetni keramiki v svetovnem merilu. Plo\u0161\u010dica na sliki je velika 20&#215;50 cm.<\/p>\n<p>Kliknite na ime kolekcije za ogled vseh plo\u0161\u010dic iz te serije: <a class=\"pdfcatal\" href=\"\/\/www.ceramictiles.com\/pdf\/peronda\/catalogue_peronda_clays.pdf\" onclick=\"recordOutboundLink(this, 'E-mail', 'Description PDF');return false;\">Peronda Ceramicas Clays<\/a><\/p>\n<p>\u010ce \u017eelite naro\u010diti model iz pdf kataloga te kolekcije, nam pi\u0161ite na: <a href=\"mailto:keramoteka.salon@gmail.com\" onclick=\"recordOutboundLink(this, 'E-mail', 'Description mail');return false;\">keramoteka.salon@gmail.com<\/a> ali pa nas pokli\u010dite na: 031 255 900.<\/p>\n","protected":false},"excerpt":{"rendered":"<p>Ta plo\u0161\u010dica je debela 10 mm in je zelo trpe\u017ena. Ta model plo\u0161\u010dice se najbolje prodaja v oran\u017eni barvi. Peronda Clays-Na prihaja iz \u0160panije, ki je znana po zelo kvalitetni keramiki v svetovnem merilu. Plo\u0161\u010dica na sliki je velika 20&#215;50 cm. Kliknite na ime kolekcije za ogled vseh plo\u0161\u010dic iz te serije: Peronda Ceramicas Clays [&hellip;]<\/p>\n","protected":false},"featured_media":100981,"template":"","meta":[],"product_cat":[200,999109,999,250],"product_tag":[],"_links":{"self":[{"href":"https:\/\/www.keramika.com\/slovenija\/wp-json\/wp\/v2\/product\/100980"}],"collection":[{"href":"https:\/\/www.keramika.com\/slovenija\/wp-json\/wp\/v2\/product"}],"about":[{"href":"https:\/\/www.keramika.com\/slovenija\/wp-json\/wp\/v2\/types\/product"}],"wp:featuredmedia":[{"embeddable":true,"href":"https:\/\/www.keramika.com\/slovenija\/wp-json\/wp\/v2\/media\/100981"}],"wp:attachment":[{"href":"https:\/\/www.keramika.com\/slovenija\/wp-json\/wp\/v2\/media?parent=100980"}],"wp:term":[{"taxonomy":"product_cat","embeddable":true,"href":"https:\/\/www.keramika.com\/slovenija\/wp-json\/wp\/v2\/product_cat?post=100980"},{"taxonomy":"product_tag","embeddable":true,"href":"https:\/\/www.keramika.com\/slovenija\/wp-json\/wp\/v2\/product_tag?post=100980"}],"curies":[{"name":"wp","href":"https:\/\/api.w.org\/{rel}","templated":true}]}}