{"id":100972,"date":"2017-03-22T22:47:14","date_gmt":"2017-03-22T22:47:14","guid":{"rendered":"http:\/\/keramika.holest.com\/slovenija\/product\/peronda-chic-m\/"},"modified":"2017-03-22T22:47:14","modified_gmt":"2017-03-22T22:47:14","slug":"peronda-chic-m","status":"publish","type":"product","link":"https:\/\/www.keramika.com\/slovenija\/peronda-chic-m\/","title":{"rendered":"Peronda Chic-M"},"content":{"rendered":"<p>Z 33&#215;60 cm je ta plo\u0161\u010dica primerna za razli\u010dne podlage. Zelo moderna plo\u0161\u010dica v be\u017e barvi popestri prav vsak prostor. Debelina plo\u0161\u010dice je zelo pomembna in 10 mm uvr\u0161\u010da to plo\u0161\u010dico med najkvalitetnej\u0161e. Peronda Chic-M je pripeljana iz \u0160panije in je zelo kvalitetna.<\/p>\n<p>Kliknite na ime kolekcije za ogled vseh plo\u0161\u010dic iz te serije: <a class=\"pdfcatal\" href=\"\/\/www.ceramictiles.com\/pdf\/peronda\/catalogue_peronda_chic.pdf\" onclick=\"recordOutboundLink(this, 'E-mail', 'Description PDF');return false;\">Peronda Ceramicas Chic<\/a><\/p>\n<p>\u010ce \u017eelite naro\u010diti model iz pdf kataloga te kolekcije, nam pi\u0161ite na: <a href=\"mailto:keramoteka.salon@gmail.com\" onclick=\"recordOutboundLink(this, 'E-mail', 'Description mail');return false;\">keramoteka.salon@gmail.com<\/a> ali pa nas pokli\u010dite na: 031 255 900.<\/p>\n","protected":false},"excerpt":{"rendered":"<p>Z 33&#215;60 cm je ta plo\u0161\u010dica primerna za razli\u010dne podlage. Zelo moderna plo\u0161\u010dica v be\u017e barvi popestri prav vsak prostor. Debelina plo\u0161\u010dice je zelo pomembna in 10 mm uvr\u0161\u010da to plo\u0161\u010dico med najkvalitetnej\u0161e. Peronda Chic-M je pripeljana iz \u0160panije in je zelo kvalitetna. Kliknite na ime kolekcije za ogled vseh plo\u0161\u010dic iz te serije: Peronda [&hellip;]<\/p>\n","protected":false},"featured_media":100973,"template":"","meta":[],"product_cat":[200,999109,999,250],"product_tag":[],"_links":{"self":[{"href":"https:\/\/www.keramika.com\/slovenija\/wp-json\/wp\/v2\/product\/100972"}],"collection":[{"href":"https:\/\/www.keramika.com\/slovenija\/wp-json\/wp\/v2\/product"}],"about":[{"href":"https:\/\/www.keramika.com\/slovenija\/wp-json\/wp\/v2\/types\/product"}],"wp:featuredmedia":[{"embeddable":true,"href":"https:\/\/www.keramika.com\/slovenija\/wp-json\/wp\/v2\/media\/100973"}],"wp:attachment":[{"href":"https:\/\/www.keramika.com\/slovenija\/wp-json\/wp\/v2\/media?parent=100972"}],"wp:term":[{"taxonomy":"product_cat","embeddable":true,"href":"https:\/\/www.keramika.com\/slovenija\/wp-json\/wp\/v2\/product_cat?post=100972"},{"taxonomy":"product_tag","embeddable":true,"href":"https:\/\/www.keramika.com\/slovenija\/wp-json\/wp\/v2\/product_tag?post=100972"}],"curies":[{"name":"wp","href":"https:\/\/api.w.org\/{rel}","templated":true}]}}