{"id":100950,"date":"2017-03-22T22:46:49","date_gmt":"2017-03-22T22:46:49","guid":{"rendered":"http:\/\/keramika.holest.com\/slovenija\/product\/ploscice-za-kopalnico-fap-voyage\/"},"modified":"2026-01-01T00:02:27","modified_gmt":"2026-01-01T00:02:27","slug":"ploscice-za-kopalnico-fap-voyage","status":"publish","type":"product","link":"https:\/\/www.keramika.com\/slovenija\/ploscice-za-kopalnico-fap-voyage\/","title":{"rendered":"Plo\u0161\u010dice za kopalnico Fap Voyage"},"content":{"rendered":"<p>Ta plo\u0161\u010dica je debela 8 mm in je zelo trpe\u017ena. Velikost te plo\u0161\u010dice je 30,5&#215;91,5 cm. Fap ceramiche Voyage Lilas je na voljo po zelo ugodni ceni 85,95 EUR. To plo\u0161\u010dico je izdelal proizvajalec Fap Ceramiche &#8211; Gruppo Concorde, ki prihaja iz Italije. Zelo moderna plo\u0161\u010dica v vijoli\u010dni barvi popestri prav vsak prostor.<\/p>\n<p>Kliknite na ime kolekcije za ogled vseh plo\u0161\u010dic iz te serije: <a class=\"pdfcatal\" href=\"\/\/www.ceramictiles.com\/pdf\/fap\/catalogue_fap_voyage.pdf\" onclick=\"recordOutboundLink(this, 'E-mail', 'Description PDF');return false;\">Fap Ceramiche &#8211; Gruppo Concorde Voyage<\/a><\/p>\n<p>\u010ce \u017eelite naro\u010diti model iz pdf kataloga te kolekcije, nam pi\u0161ite na: <a href=\"mailto:keramoteka.salon@gmail.com\" onclick=\"recordOutboundLink(this, 'E-mail', 'Description mail');return false;\">keramoteka.salon@gmail.com<\/a> ali pa nas pokli\u010dite na: 031 255 900.<\/p>\n","protected":false},"excerpt":{"rendered":"<p>Ta plo\u0161\u010dica je debela 8 mm in je zelo trpe\u017ena. Velikost te plo\u0161\u010dice je 30,5&#215;91,5 cm. Fap ceramiche Voyage Lilas je na voljo po zelo ugodni ceni 85,95 EUR. To plo\u0161\u010dico je izdelal proizvajalec Fap Ceramiche &#8211; Gruppo Concorde, ki prihaja iz Italije. Zelo moderna plo\u0161\u010dica v vijoli\u010dni barvi popestri prav vsak prostor. Kliknite na [&hellip;]<\/p>\n","protected":false},"featured_media":100951,"template":"","meta":[],"product_cat":[999519,200,999,250],"product_tag":[],"_links":{"self":[{"href":"https:\/\/www.keramika.com\/slovenija\/wp-json\/wp\/v2\/product\/100950"}],"collection":[{"href":"https:\/\/www.keramika.com\/slovenija\/wp-json\/wp\/v2\/product"}],"about":[{"href":"https:\/\/www.keramika.com\/slovenija\/wp-json\/wp\/v2\/types\/product"}],"wp:featuredmedia":[{"embeddable":true,"href":"https:\/\/www.keramika.com\/slovenija\/wp-json\/wp\/v2\/media\/100951"}],"wp:attachment":[{"href":"https:\/\/www.keramika.com\/slovenija\/wp-json\/wp\/v2\/media?parent=100950"}],"wp:term":[{"taxonomy":"product_cat","embeddable":true,"href":"https:\/\/www.keramika.com\/slovenija\/wp-json\/wp\/v2\/product_cat?post=100950"},{"taxonomy":"product_tag","embeddable":true,"href":"https:\/\/www.keramika.com\/slovenija\/wp-json\/wp\/v2\/product_tag?post=100950"}],"curies":[{"name":"wp","href":"https:\/\/api.w.org\/{rel}","templated":true}]}}