{"id":100948,"date":"2017-04-22T22:46:48","date_gmt":"2017-04-22T22:46:48","guid":{"rendered":"http:\/\/keramika.holest.com\/slovenija\/product\/mozaik-ploscice-fap-visionary\/"},"modified":"2026-01-01T00:02:27","modified_gmt":"2026-01-01T00:02:27","slug":"mozaik-ploscice-fap-visionary","status":"publish","type":"product","link":"https:\/\/www.keramika.com\/slovenija\/mozaik-ploscice-fap-visionary\/","title":{"rendered":"Mozaik plo\u0161\u010dice Fap Visionary"},"content":{"rendered":"<p>Z 30,5&#215;56 cm je ta plo\u0161\u010dica primerna za razli\u010dne podlage. Letos so plo\u0161\u010dice v rde\u010di barvi zelo za\u017eeljene. Fap ceramiche Visionary Bordeaux je na voljo po zelo ugodni ceni 63,9 EUR. 10 mm debeline je dovolj tudi za zahtevnej\u0161e kupce. Fap ceramiche Visionary Bordeaux prihaja iz Italije, ki je znana po zelo kvalitetni keramiki v svetovnem merilu.<\/p>\n<p>Kliknite na ime kolekcije za ogled vseh plo\u0161\u010dic iz te serije: <a class=\"pdfcatal\" href=\"\/\/www.ceramictiles.com\/pdf\/fap\/catalogue_fap_visionary.pdf\" onclick=\"recordOutboundLink(this, 'E-mail', 'Description PDF');return false;\">Fap Ceramiche &#8211; Gruppo Concorde Visionary<\/a><\/p>\n<p>\u010ce \u017eelite naro\u010diti model iz pdf kataloga te kolekcije, nam pi\u0161ite na: <a href=\"mailto:keramoteka.salon@gmail.com\" onclick=\"recordOutboundLink(this, 'E-mail', 'Description mail');return false;\">keramoteka.salon@gmail.com<\/a> ali pa nas pokli\u010dite na: 031 255 900.<\/p>\n","protected":false},"excerpt":{"rendered":"<p>Z 30,5&#215;56 cm je ta plo\u0161\u010dica primerna za razli\u010dne podlage. Letos so plo\u0161\u010dice v rde\u010di barvi zelo za\u017eeljene. Fap ceramiche Visionary Bordeaux je na voljo po zelo ugodni ceni 63,9 EUR. 10 mm debeline je dovolj tudi za zahtevnej\u0161e kupce. Fap ceramiche Visionary Bordeaux prihaja iz Italije, ki je znana po zelo kvalitetni keramiki v [&hellip;]<\/p>\n","protected":false},"featured_media":100949,"template":"","meta":[],"product_cat":[999519,200,999,250],"product_tag":[],"_links":{"self":[{"href":"https:\/\/www.keramika.com\/slovenija\/wp-json\/wp\/v2\/product\/100948"}],"collection":[{"href":"https:\/\/www.keramika.com\/slovenija\/wp-json\/wp\/v2\/product"}],"about":[{"href":"https:\/\/www.keramika.com\/slovenija\/wp-json\/wp\/v2\/types\/product"}],"wp:featuredmedia":[{"embeddable":true,"href":"https:\/\/www.keramika.com\/slovenija\/wp-json\/wp\/v2\/media\/100949"}],"wp:attachment":[{"href":"https:\/\/www.keramika.com\/slovenija\/wp-json\/wp\/v2\/media?parent=100948"}],"wp:term":[{"taxonomy":"product_cat","embeddable":true,"href":"https:\/\/www.keramika.com\/slovenija\/wp-json\/wp\/v2\/product_cat?post=100948"},{"taxonomy":"product_tag","embeddable":true,"href":"https:\/\/www.keramika.com\/slovenija\/wp-json\/wp\/v2\/product_tag?post=100948"}],"curies":[{"name":"wp","href":"https:\/\/api.w.org\/{rel}","templated":true}]}}