{"id":100946,"date":"2017-03-22T22:46:45","date_gmt":"2017-03-22T22:46:45","guid":{"rendered":"http:\/\/keramika.holest.com\/slovenija\/product\/ploscice-za-restorane-fap-vera\/"},"modified":"2026-01-01T00:02:27","modified_gmt":"2026-01-01T00:02:27","slug":"ploscice-za-restorane-fap-vera","status":"publish","type":"product","link":"https:\/\/www.keramika.com\/slovenija\/ploscice-za-restorane-fap-vera\/","title":{"rendered":"Plo\u0161\u010dice za restorane Fap Vera"},"content":{"rendered":"<p>Debelina kar 8 mm dela to plo\u0161\u010dico zelo trpe\u017eno in presti\u017eno na otip. Velikost te plo\u0161\u010dice je 30,5&#215;91,5 cm in je primerna za razli\u010dne povr\u0161ine. 104,65 EUR v klasi\u010dni trgovini, pri nas pa le 83,7 EUR. Ta plo\u0161\u010dica prihaja iz Italije, ki je znana po kvalitetni keramiki. Keramika v zlati barvi popestri vsak prostor.<\/p>\n<p>Kliknite na ime kolekcije za ogled vseh plo\u0161\u010dic iz te serije: <a class=\"pdfcatal\" href=\"\/\/www.ceramictiles.com\/pdf\/fap\/catalogue_fap_vera.pdf\" onclick=\"recordOutboundLink(this, 'E-mail', 'Description PDF');return false;\">Fap Ceramiche &#8211; Gruppo Concorde Vera<\/a><\/p>\n<p>\u010ce \u017eelite naro\u010diti model iz pdf kataloga te kolekcije, nam pi\u0161ite na: <a href=\"mailto:keramoteka.salon@gmail.com\" onclick=\"recordOutboundLink(this, 'E-mail', 'Description mail');return false;\">keramoteka.salon@gmail.com<\/a> ali pa nas pokli\u010dite na: 031 255 900.<\/p>\n","protected":false},"excerpt":{"rendered":"<p>Debelina kar 8 mm dela to plo\u0161\u010dico zelo trpe\u017eno in presti\u017eno na otip. Velikost te plo\u0161\u010dice je 30,5&#215;91,5 cm in je primerna za razli\u010dne povr\u0161ine. 104,65 EUR v klasi\u010dni trgovini, pri nas pa le 83,7 EUR. Ta plo\u0161\u010dica prihaja iz Italije, ki je znana po kvalitetni keramiki. Keramika v zlati barvi popestri vsak prostor. Kliknite [&hellip;]<\/p>\n","protected":false},"featured_media":100947,"template":"","meta":[],"product_cat":[999519,200,999,250],"product_tag":[],"_links":{"self":[{"href":"https:\/\/www.keramika.com\/slovenija\/wp-json\/wp\/v2\/product\/100946"}],"collection":[{"href":"https:\/\/www.keramika.com\/slovenija\/wp-json\/wp\/v2\/product"}],"about":[{"href":"https:\/\/www.keramika.com\/slovenija\/wp-json\/wp\/v2\/types\/product"}],"wp:featuredmedia":[{"embeddable":true,"href":"https:\/\/www.keramika.com\/slovenija\/wp-json\/wp\/v2\/media\/100947"}],"wp:attachment":[{"href":"https:\/\/www.keramika.com\/slovenija\/wp-json\/wp\/v2\/media?parent=100946"}],"wp:term":[{"taxonomy":"product_cat","embeddable":true,"href":"https:\/\/www.keramika.com\/slovenija\/wp-json\/wp\/v2\/product_cat?post=100946"},{"taxonomy":"product_tag","embeddable":true,"href":"https:\/\/www.keramika.com\/slovenija\/wp-json\/wp\/v2\/product_tag?post=100946"}],"curies":[{"name":"wp","href":"https:\/\/api.w.org\/{rel}","templated":true}]}}