{"id":100944,"date":"2017-03-22T22:46:42","date_gmt":"2017-03-22T22:46:42","guid":{"rendered":"http:\/\/keramika.holest.com\/slovenija\/product\/ploscice-za-kopalnico-fap-velvet\/"},"modified":"2026-01-01T00:02:27","modified_gmt":"2026-01-01T00:02:27","slug":"ploscice-za-kopalnico-fap-velvet","status":"publish","type":"product","link":"https:\/\/www.keramika.com\/slovenija\/ploscice-za-kopalnico-fap-velvet\/","title":{"rendered":"Plo\u0161\u010dice za kopalnico Fap Velvet"},"content":{"rendered":"<p>Plo\u0161\u010dica je debela kar 10 mm, kar jo uvr\u0161\u010da med bolj trde plo\u0161\u010dice. Ta plo\u0161\u010dica je na voljo v \u010dudoviti modri barvi, \u010de \u017eelite kak\u0161no drugo barvo pa nas kontaktirajte in preverili bomo pri proizvajalcu. To plo\u0161\u010dico je izdelal proizvajalec Fap Ceramiche &#8211; Gruppo Concorde, ki prihaja iz Italije. Namesto 74,88 EUR kot bi za to plo\u0161\u010dico od\u0161teli v klasi\u010dni trgovini, boste v na\u0161i spletni prodajalni od\u0161teli le 59,85 EUR. Z velikostjo 30,5&#215;56 cm je ta plo\u0161\u010dica primerna ze razli\u010dne povr\u0161ine.<\/p>\n<p>Kliknite na ime kolekcije za ogled vseh plo\u0161\u010dic iz te serije: <a class=\"pdfcatal\" href=\"\/\/www.ceramictiles.com\/pdf\/fap\/catalogue_fap_velvet.pdf\" onclick=\"recordOutboundLink(this, 'E-mail', 'Description PDF');return false;\">Fap Ceramiche &#8211; Gruppo Concorde Velvet<\/a><\/p>\n<p>\u010ce \u017eelite naro\u010diti model iz pdf kataloga te kolekcije, nam pi\u0161ite na: <a href=\"mailto:keramoteka.salon@gmail.com\" onclick=\"recordOutboundLink(this, 'E-mail', 'Description mail');return false;\">keramoteka.salon@gmail.com<\/a> ali pa nas pokli\u010dite na: 031 255 900.<\/p>\n","protected":false},"excerpt":{"rendered":"<p>Plo\u0161\u010dica je debela kar 10 mm, kar jo uvr\u0161\u010da med bolj trde plo\u0161\u010dice. Ta plo\u0161\u010dica je na voljo v \u010dudoviti modri barvi, \u010de \u017eelite kak\u0161no drugo barvo pa nas kontaktirajte in preverili bomo pri proizvajalcu. To plo\u0161\u010dico je izdelal proizvajalec Fap Ceramiche &#8211; Gruppo Concorde, ki prihaja iz Italije. Namesto 74,88 EUR kot bi za [&hellip;]<\/p>\n","protected":false},"featured_media":100945,"template":"","meta":[],"product_cat":[999519,200,999,250],"product_tag":[],"_links":{"self":[{"href":"https:\/\/www.keramika.com\/slovenija\/wp-json\/wp\/v2\/product\/100944"}],"collection":[{"href":"https:\/\/www.keramika.com\/slovenija\/wp-json\/wp\/v2\/product"}],"about":[{"href":"https:\/\/www.keramika.com\/slovenija\/wp-json\/wp\/v2\/types\/product"}],"wp:featuredmedia":[{"embeddable":true,"href":"https:\/\/www.keramika.com\/slovenija\/wp-json\/wp\/v2\/media\/100945"}],"wp:attachment":[{"href":"https:\/\/www.keramika.com\/slovenija\/wp-json\/wp\/v2\/media?parent=100944"}],"wp:term":[{"taxonomy":"product_cat","embeddable":true,"href":"https:\/\/www.keramika.com\/slovenija\/wp-json\/wp\/v2\/product_cat?post=100944"},{"taxonomy":"product_tag","embeddable":true,"href":"https:\/\/www.keramika.com\/slovenija\/wp-json\/wp\/v2\/product_tag?post=100944"}],"curies":[{"name":"wp","href":"https:\/\/api.w.org\/{rel}","templated":true}]}}