{"id":100932,"date":"2017-03-22T22:46:28","date_gmt":"2017-03-22T22:46:28","guid":{"rendered":"http:\/\/keramika.holest.com\/slovenija\/product\/porcelan-ploscice-fap-rubacuori\/"},"modified":"2026-01-01T00:02:25","modified_gmt":"2026-01-01T00:02:25","slug":"porcelan-ploscice-fap-rubacuori","status":"publish","type":"product","link":"https:\/\/www.keramika.com\/slovenija\/porcelan-ploscice-fap-rubacuori\/","title":{"rendered":"Porcelan plo\u0161\u010dice Fap Rubacuori"},"content":{"rendered":"<p>Ta model plo\u0161\u010dice se najbolje prodaja v roza barvi. Namesto 42,92 EUR kot bi za to plo\u0161\u010dico od\u0161teli v klasi\u010dni trgovini, boste v na\u0161i spletni prodajalni od\u0161teli le 33,75 EUR. 8 mm je debelina, ki zadovolji tudi zahtevnej\u0161e kupce. Ta plo\u0161\u010dica prihaja iz Italije, ki je znana po kvalitetni keramiki. \u0160irina in dol\u017eina te plo\u0161\u010dice sta 25&#215;40 cm.<\/p>\n<p>Kliknite na ime kolekcije za ogled vseh plo\u0161\u010dic iz te serije: <a class=\"pdfcatal\" href=\"\/\/www.ceramictiles.com\/pdf\/fap\/catalogue_fap_rubacuori.pdf\" onclick=\"recordOutboundLink(this, 'E-mail', 'Description PDF');return false;\">Fap Ceramiche &#8211; Gruppo Concorde Rubacuori<\/a><\/p>\n<p>\u010ce \u017eelite naro\u010diti model iz pdf kataloga te kolekcije, nam pi\u0161ite na: <a href=\"mailto:keramoteka.salon@gmail.com\" onclick=\"recordOutboundLink(this, 'E-mail', 'Description mail');return false;\">keramoteka.salon@gmail.com<\/a> ali pa nas pokli\u010dite na: 031 255 900.<\/p>\n","protected":false},"excerpt":{"rendered":"<p>Ta model plo\u0161\u010dice se najbolje prodaja v roza barvi. Namesto 42,92 EUR kot bi za to plo\u0161\u010dico od\u0161teli v klasi\u010dni trgovini, boste v na\u0161i spletni prodajalni od\u0161teli le 33,75 EUR. 8 mm je debelina, ki zadovolji tudi zahtevnej\u0161e kupce. Ta plo\u0161\u010dica prihaja iz Italije, ki je znana po kvalitetni keramiki. \u0160irina in dol\u017eina te plo\u0161\u010dice [&hellip;]<\/p>\n","protected":false},"featured_media":100933,"template":"","meta":[],"product_cat":[999519,200,999,250],"product_tag":[],"_links":{"self":[{"href":"https:\/\/www.keramika.com\/slovenija\/wp-json\/wp\/v2\/product\/100932"}],"collection":[{"href":"https:\/\/www.keramika.com\/slovenija\/wp-json\/wp\/v2\/product"}],"about":[{"href":"https:\/\/www.keramika.com\/slovenija\/wp-json\/wp\/v2\/types\/product"}],"wp:featuredmedia":[{"embeddable":true,"href":"https:\/\/www.keramika.com\/slovenija\/wp-json\/wp\/v2\/media\/100933"}],"wp:attachment":[{"href":"https:\/\/www.keramika.com\/slovenija\/wp-json\/wp\/v2\/media?parent=100932"}],"wp:term":[{"taxonomy":"product_cat","embeddable":true,"href":"https:\/\/www.keramika.com\/slovenija\/wp-json\/wp\/v2\/product_cat?post=100932"},{"taxonomy":"product_tag","embeddable":true,"href":"https:\/\/www.keramika.com\/slovenija\/wp-json\/wp\/v2\/product_tag?post=100932"}],"curies":[{"name":"wp","href":"https:\/\/api.w.org\/{rel}","templated":true}]}}