{"id":100920,"date":"2017-03-22T22:46:14","date_gmt":"2017-03-22T22:46:14","guid":{"rendered":"http:\/\/keramika.holest.com\/slovenija\/product\/talne-in-stenske-ploscice-fap-materia\/"},"modified":"2026-01-01T00:02:23","modified_gmt":"2026-01-01T00:02:23","slug":"talne-in-stenske-ploscice-fap-materia","status":"publish","type":"product","link":"https:\/\/www.keramika.com\/slovenija\/talne-in-stenske-ploscice-fap-materia\/","title":{"rendered":"Talne in stenske plo\u0161\u010dice Fap Materia"},"content":{"rendered":"<p>Letos so plo\u0161\u010dice v \u010drni barvi zelo za\u017eeljene. Ta plo\u0161\u010dica je debela 8 mm in je zelo trpe\u017ena. 52,3 EUR v klasi\u010dni trgovini, pri nas pa le 41,85 EUR. Fap ceramiche Materia Corallo je plo\u0161\u010dica proizvajalca Fap Ceramiche &#8211; Gruppo Concorde in prihaja iz Italije. Z velikostjo 20&#215;50 cm je ta plo\u0161\u010dica primerna ze razli\u010dne povr\u0161ine.<\/p>\n<p>Kliknite na ime kolekcije za ogled vseh plo\u0161\u010dic iz te serije: <a class=\"pdfcatal\" href=\"\/\/www.ceramictiles.com\/pdf\/fap\/catalogue_fap_materia.pdf\" onclick=\"recordOutboundLink(this, 'E-mail', 'Description PDF');return false;\">Fap Ceramiche &#8211; Gruppo Concorde Materia<\/a><\/p>\n<p>\u010ce \u017eelite naro\u010diti model iz pdf kataloga te kolekcije, nam pi\u0161ite na: <a href=\"mailto:keramoteka.salon@gmail.com\" onclick=\"recordOutboundLink(this, 'E-mail', 'Description mail');return false;\">keramoteka.salon@gmail.com<\/a> ali pa nas pokli\u010dite na: 031 255 900.<\/p>\n","protected":false},"excerpt":{"rendered":"<p>Letos so plo\u0161\u010dice v \u010drni barvi zelo za\u017eeljene. Ta plo\u0161\u010dica je debela 8 mm in je zelo trpe\u017ena. 52,3 EUR v klasi\u010dni trgovini, pri nas pa le 41,85 EUR. Fap ceramiche Materia Corallo je plo\u0161\u010dica proizvajalca Fap Ceramiche &#8211; Gruppo Concorde in prihaja iz Italije. Z velikostjo 20&#215;50 cm je ta plo\u0161\u010dica primerna ze razli\u010dne [&hellip;]<\/p>\n","protected":false},"featured_media":100921,"template":"","meta":[],"product_cat":[999519,200,999,240],"product_tag":[],"_links":{"self":[{"href":"https:\/\/www.keramika.com\/slovenija\/wp-json\/wp\/v2\/product\/100920"}],"collection":[{"href":"https:\/\/www.keramika.com\/slovenija\/wp-json\/wp\/v2\/product"}],"about":[{"href":"https:\/\/www.keramika.com\/slovenija\/wp-json\/wp\/v2\/types\/product"}],"wp:featuredmedia":[{"embeddable":true,"href":"https:\/\/www.keramika.com\/slovenija\/wp-json\/wp\/v2\/media\/100921"}],"wp:attachment":[{"href":"https:\/\/www.keramika.com\/slovenija\/wp-json\/wp\/v2\/media?parent=100920"}],"wp:term":[{"taxonomy":"product_cat","embeddable":true,"href":"https:\/\/www.keramika.com\/slovenija\/wp-json\/wp\/v2\/product_cat?post=100920"},{"taxonomy":"product_tag","embeddable":true,"href":"https:\/\/www.keramika.com\/slovenija\/wp-json\/wp\/v2\/product_tag?post=100920"}],"curies":[{"name":"wp","href":"https:\/\/api.w.org\/{rel}","templated":true}]}}