{"id":100918,"date":"2017-03-22T22:46:12","date_gmt":"2017-03-22T22:46:12","guid":{"rendered":"http:\/\/keramika.holest.com\/slovenija\/product\/talne-in-stenske-ploscice-fap-lumina\/"},"modified":"2026-01-01T00:02:23","modified_gmt":"2026-01-01T00:02:23","slug":"talne-in-stenske-ploscice-fap-lumina","status":"publish","type":"product","link":"https:\/\/www.keramika.com\/slovenija\/talne-in-stenske-ploscice-fap-lumina\/","title":{"rendered":"Talne in stenske plo\u0161\u010dice Fap Lumina"},"content":{"rendered":"<p>Fap ceramiche Lumina Bianco je plo\u0161\u010dica proizvajalca Fap Ceramiche &#8211; Gruppo Concorde in prihaja iz Italije. Z velikostjo 30,5&#215;56 cm je ta plo\u0161\u010dica primerna ze razli\u010dne povr\u0161ine. Pri izbiri plo\u0161\u010dice v be\u017e barvi ne morete zgre\u0161iti. Namesto 60,19 EUR kot bi za to plo\u0161\u010dico od\u0161teli v klasi\u010dni trgovini, boste v na\u0161i spletni prodajalni od\u0161teli le 48,15 EUR. 10 mm je debelina, ki zadovolji tudi zahtevnej\u0161e kupce.<\/p>\n","protected":false},"excerpt":{"rendered":"<p>Fap ceramiche Lumina Bianco je plo\u0161\u010dica proizvajalca Fap Ceramiche &#8211; Gruppo Concorde in prihaja iz Italije. Z velikostjo 30,5&#215;56 cm je ta plo\u0161\u010dica primerna ze razli\u010dne povr\u0161ine. Pri izbiri plo\u0161\u010dice v be\u017e barvi ne morete zgre\u0161iti. Namesto 60,19 EUR kot bi za to plo\u0161\u010dico od\u0161teli v klasi\u010dni trgovini, boste v na\u0161i spletni prodajalni od\u0161teli le [&hellip;]<\/p>\n","protected":false},"featured_media":100919,"template":"","meta":[],"product_cat":[999519,200,999,240],"product_tag":[],"_links":{"self":[{"href":"https:\/\/www.keramika.com\/slovenija\/wp-json\/wp\/v2\/product\/100918"}],"collection":[{"href":"https:\/\/www.keramika.com\/slovenija\/wp-json\/wp\/v2\/product"}],"about":[{"href":"https:\/\/www.keramika.com\/slovenija\/wp-json\/wp\/v2\/types\/product"}],"wp:featuredmedia":[{"embeddable":true,"href":"https:\/\/www.keramika.com\/slovenija\/wp-json\/wp\/v2\/media\/100919"}],"wp:attachment":[{"href":"https:\/\/www.keramika.com\/slovenija\/wp-json\/wp\/v2\/media?parent=100918"}],"wp:term":[{"taxonomy":"product_cat","embeddable":true,"href":"https:\/\/www.keramika.com\/slovenija\/wp-json\/wp\/v2\/product_cat?post=100918"},{"taxonomy":"product_tag","embeddable":true,"href":"https:\/\/www.keramika.com\/slovenija\/wp-json\/wp\/v2\/product_tag?post=100918"}],"curies":[{"name":"wp","href":"https:\/\/api.w.org\/{rel}","templated":true}]}}