{"id":100914,"date":"2017-03-22T22:46:07","date_gmt":"2017-03-22T22:46:07","guid":{"rendered":"http:\/\/keramika.holest.com\/slovenija\/product\/talne-ploscice-fap-life\/"},"modified":"2026-01-01T00:02:22","modified_gmt":"2026-01-01T00:02:22","slug":"talne-ploscice-fap-life","status":"publish","type":"product","link":"https:\/\/www.keramika.com\/slovenija\/talne-ploscice-fap-life\/","title":{"rendered":"Talne plo\u0161\u010dice Fap Life"},"content":{"rendered":"<p>To plo\u0161\u010dico je izdelal proizvajalec Fap Ceramiche &#8211; Gruppo Concorde, ki prihaja iz Italije. Namesto 58,5 EUR kot bi za to plo\u0161\u010dico od\u0161teli v klasi\u010dni trgovini, boste v na\u0161i spletni prodajalni od\u0161teli le 46,8 EUR. Letos so plo\u0161\u010dice v be\u017e barvi zelo za\u017eeljene. Plo\u0161\u010dica na sliki je velika 45&#215;45 cm. Plo\u0161\u010dica je debela kar 9 mm, kar jo uvr\u0161\u010da med bolj trde plo\u0161\u010dice.<\/p>\n<p>Kliknite na ime kolekcije za ogled vseh plo\u0161\u010dic iz te serije: <a class=\"pdfcatal\" href=\"\/\/www.ceramictiles.com\/pdf\/fap\/catalogue_fap_life.pdf\" onclick=\"recordOutboundLink(this, 'E-mail', 'Description PDF');return false;\">Fap Ceramiche &#8211; Gruppo Concorde Life<\/a><\/p>\n<p>\u010ce \u017eelite naro\u010diti model iz pdf kataloga te kolekcije, nam pi\u0161ite na: <a href=\"mailto:keramoteka.salon@gmail.com\" onclick=\"recordOutboundLink(this, 'E-mail', 'Description mail');return false;\">keramoteka.salon@gmail.com<\/a> ali pa nas pokli\u010dite na: 031 255 900.<\/p>\n","protected":false},"excerpt":{"rendered":"<p>To plo\u0161\u010dico je izdelal proizvajalec Fap Ceramiche &#8211; Gruppo Concorde, ki prihaja iz Italije. Namesto 58,5 EUR kot bi za to plo\u0161\u010dico od\u0161teli v klasi\u010dni trgovini, boste v na\u0161i spletni prodajalni od\u0161teli le 46,8 EUR. Letos so plo\u0161\u010dice v be\u017e barvi zelo za\u017eeljene. Plo\u0161\u010dica na sliki je velika 45&#215;45 cm. Plo\u0161\u010dica je debela kar 9 [&hellip;]<\/p>\n","protected":false},"featured_media":100915,"template":"","meta":[],"product_cat":[999519,200,999,240],"product_tag":[],"_links":{"self":[{"href":"https:\/\/www.keramika.com\/slovenija\/wp-json\/wp\/v2\/product\/100914"}],"collection":[{"href":"https:\/\/www.keramika.com\/slovenija\/wp-json\/wp\/v2\/product"}],"about":[{"href":"https:\/\/www.keramika.com\/slovenija\/wp-json\/wp\/v2\/types\/product"}],"wp:featuredmedia":[{"embeddable":true,"href":"https:\/\/www.keramika.com\/slovenija\/wp-json\/wp\/v2\/media\/100915"}],"wp:attachment":[{"href":"https:\/\/www.keramika.com\/slovenija\/wp-json\/wp\/v2\/media?parent=100914"}],"wp:term":[{"taxonomy":"product_cat","embeddable":true,"href":"https:\/\/www.keramika.com\/slovenija\/wp-json\/wp\/v2\/product_cat?post=100914"},{"taxonomy":"product_tag","embeddable":true,"href":"https:\/\/www.keramika.com\/slovenija\/wp-json\/wp\/v2\/product_tag?post=100914"}],"curies":[{"name":"wp","href":"https:\/\/api.w.org\/{rel}","templated":true}]}}