{"id":100900,"date":"2017-03-22T22:45:54","date_gmt":"2017-03-22T22:45:54","guid":{"rendered":"http:\/\/keramika.holest.com\/slovenija\/product\/talne-in-stenske-ploscice-fap-cupido\/"},"modified":"2026-01-01T00:02:21","modified_gmt":"2026-01-01T00:02:21","slug":"talne-in-stenske-ploscice-fap-cupido","status":"publish","type":"product","link":"https:\/\/www.keramika.com\/slovenija\/talne-in-stenske-ploscice-fap-cupido\/","title":{"rendered":"Talne in stenske plo\u0161\u010dice Fap Cupido"},"content":{"rendered":"<p>Velikost te plo\u0161\u010dice je 30,5&#215;91,5 cm in je primerna za razli\u010dne povr\u0161ine. 8 mm je debelina, ki zadovolji tudi zahtevnej\u0161e kupce. Ta plo\u0161\u010dica je na voljo v \u010dudoviti be\u017e barvi, \u010de \u017eelite kak\u0161no drugo barvo pa nas kontaktirajte in preverili bomo pri proizvajalcu. V redni prodaji bi morali za to plo\u0161\u010dico od\u0161teti 119,25 EUR, spletna cena pa zna\u0161a le 95,4 EUR. Fap ceramiche Cupido Mandorla je plo\u0161\u010dica proizvajalca Fap Ceramiche &#8211; Gruppo Concorde in prihaja iz Italije.<\/p>\n<p>Kliknite na ime kolekcije za ogled vseh plo\u0161\u010dic iz te serije: <a class=\"pdfcatal\" href=\"\/\/www.ceramictiles.com\/pdf\/fap\/catalogue_fap_cupido.pdf\" onclick=\"recordOutboundLink(this, 'E-mail', 'Description PDF');return false;\">Fap Ceramiche &#8211; Gruppo Concorde Cupido<\/a><\/p>\n<p>\u010ce \u017eelite naro\u010diti model iz pdf kataloga te kolekcije, nam pi\u0161ite na: <a href=\"mailto:keramoteka.salon@gmail.com\" onclick=\"recordOutboundLink(this, 'E-mail', 'Description mail');return false;\">keramoteka.salon@gmail.com<\/a> ali pa nas pokli\u010dite na: 031 255 900.<\/p>\n<p>Technical description: <\/p>\n<p>W 30.5X91.5 ( 11.5 mm )  &#8211; F 30.5X30.5 ( 8 mm ) ; <br \/>Cupido Rosso ; Cupido Bianco ; Cupido Perla ; Cupido Celeste ; Cupido Tortora ; Cupido Mandorla ; Cupido Gemma ; Cupido Lavagna ; Cupido Cipria ; Cupido Rosso Mosaico ; Cupido Bianco Mosaico ; Cupido Modern Bianco Mosaico ; Cupido Perla Mosaico ; Cupido Celeste Mosaico ; Cupido Tortora Mosaico ; Cupido Mandorla Mosaico ; Cupido Gemma Mosaico ; Cupido Lavagna Mosaico ; Cupido Modern Nero Mosaico ; Cupido Cipria Mosaico ; For Love Stream Mosaico ; Stream Oro Mosaico ;<\/p>\n","protected":false},"excerpt":{"rendered":"<p>Velikost te plo\u0161\u010dice je 30,5&#215;91,5 cm in je primerna za razli\u010dne povr\u0161ine. 8 mm je debelina, ki zadovolji tudi zahtevnej\u0161e kupce. Ta plo\u0161\u010dica je na voljo v \u010dudoviti be\u017e barvi, \u010de \u017eelite kak\u0161no drugo barvo pa nas kontaktirajte in preverili bomo pri proizvajalcu. V redni prodaji bi morali za to plo\u0161\u010dico od\u0161teti 119,25 EUR, spletna [&hellip;]<\/p>\n","protected":false},"featured_media":100901,"template":"","meta":[],"product_cat":[999519,200,999,250],"product_tag":[],"_links":{"self":[{"href":"https:\/\/www.keramika.com\/slovenija\/wp-json\/wp\/v2\/product\/100900"}],"collection":[{"href":"https:\/\/www.keramika.com\/slovenija\/wp-json\/wp\/v2\/product"}],"about":[{"href":"https:\/\/www.keramika.com\/slovenija\/wp-json\/wp\/v2\/types\/product"}],"wp:featuredmedia":[{"embeddable":true,"href":"https:\/\/www.keramika.com\/slovenija\/wp-json\/wp\/v2\/media\/100901"}],"wp:attachment":[{"href":"https:\/\/www.keramika.com\/slovenija\/wp-json\/wp\/v2\/media?parent=100900"}],"wp:term":[{"taxonomy":"product_cat","embeddable":true,"href":"https:\/\/www.keramika.com\/slovenija\/wp-json\/wp\/v2\/product_cat?post=100900"},{"taxonomy":"product_tag","embeddable":true,"href":"https:\/\/www.keramika.com\/slovenija\/wp-json\/wp\/v2\/product_tag?post=100900"}],"curies":[{"name":"wp","href":"https:\/\/api.w.org\/{rel}","templated":true}]}}