{"id":100896,"date":"2017-03-22T22:45:50","date_gmt":"2017-03-22T22:45:50","guid":{"rendered":"http:\/\/keramika.holest.com\/slovenija\/product\/talne-in-stenske-ploscice-fap-brillante\/"},"modified":"2026-01-01T00:02:20","modified_gmt":"2026-01-01T00:02:20","slug":"talne-in-stenske-ploscice-fap-brillante","status":"publish","type":"product","link":"https:\/\/www.keramika.com\/slovenija\/talne-in-stenske-ploscice-fap-brillante\/","title":{"rendered":"Talne in stenske plo\u0161\u010dice Fap Brillante"},"content":{"rendered":"<p>Ta plo\u0161\u010dica je na voljo v \u010dudoviti rjavi barvi, \u010de \u017eelite kak\u0161no drugo barvo pa nas kontaktirajte in preverili bomo pri proizvajalcu. Velikost te plo\u0161\u010dice je 30,5&#215;30,5 cm. Na spletu boste za to plo\u0161\u010dico od\u0161teli le 59,4 EUR, medtem ko v redni prodaji cena zna\u0161a 74,25 EUR. Prihaja iz Italije, ki po svetu slovi kot ena bolj\u0161ih proizvajalk kerami\u010dnih plo\u0161\u010dic. Debelina plo\u0161\u010dice je zelo pomembna in 8 mm uvr\u0161\u010da to plo\u0161\u010dico med najkvalitetnej\u0161e.<\/p>\n<p>Kliknite na ime kolekcije za ogled vseh plo\u0161\u010dic iz te serije: <a class=\"pdfcatal\" href=\"\/\/www.ceramictiles.com\/pdf\/fap\/catalogue_fap_brillante.pdf\" onclick=\"recordOutboundLink(this, 'E-mail', 'Description PDF');return false;\">Fap Ceramiche &#8211; Gruppo Concorde Brillante<\/a><\/p>\n<p>\u010ce \u017eelite naro\u010diti model iz pdf kataloga te kolekcije, nam pi\u0161ite na: <a href=\"mailto:keramoteka.salon@gmail.com\" onclick=\"recordOutboundLink(this, 'E-mail', 'Description mail');return false;\">keramoteka.salon@gmail.com<\/a> ali pa nas pokli\u010dite na: 031 255 900.<\/p>\n<p>Technical description: <\/p>\n<p>W 30.5X91.5 ( 5.5 mm )  &#8211; F 30.5X30.5 ( 8 mm ) ; <br \/>Brillante Brown ; Brillante Champagne ; Brillante Fum\u00e9 ; Brillante Lemon ; Brillante Quarzo ; Mosaico Brillante Brown ; Mosaico Brillante Champagne ; Mosaico Brillante Fum\u00e9 ; Mosaico Brillante Lemon ; Mosaico Brillante Quarzo ; Brillante Mosaico Ventaglio Fum\u00e9 ; Brillante Mosaico Ventaglio Champagne ;<\/p>\n","protected":false},"excerpt":{"rendered":"<p>Ta plo\u0161\u010dica je na voljo v \u010dudoviti rjavi barvi, \u010de \u017eelite kak\u0161no drugo barvo pa nas kontaktirajte in preverili bomo pri proizvajalcu. Velikost te plo\u0161\u010dice je 30,5&#215;30,5 cm. Na spletu boste za to plo\u0161\u010dico od\u0161teli le 59,4 EUR, medtem ko v redni prodaji cena zna\u0161a 74,25 EUR. Prihaja iz Italije, ki po svetu slovi kot [&hellip;]<\/p>\n","protected":false},"featured_media":100897,"template":"","meta":[],"product_cat":[999519,200,999,250],"product_tag":[],"_links":{"self":[{"href":"https:\/\/www.keramika.com\/slovenija\/wp-json\/wp\/v2\/product\/100896"}],"collection":[{"href":"https:\/\/www.keramika.com\/slovenija\/wp-json\/wp\/v2\/product"}],"about":[{"href":"https:\/\/www.keramika.com\/slovenija\/wp-json\/wp\/v2\/types\/product"}],"wp:featuredmedia":[{"embeddable":true,"href":"https:\/\/www.keramika.com\/slovenija\/wp-json\/wp\/v2\/media\/100897"}],"wp:attachment":[{"href":"https:\/\/www.keramika.com\/slovenija\/wp-json\/wp\/v2\/media?parent=100896"}],"wp:term":[{"taxonomy":"product_cat","embeddable":true,"href":"https:\/\/www.keramika.com\/slovenija\/wp-json\/wp\/v2\/product_cat?post=100896"},{"taxonomy":"product_tag","embeddable":true,"href":"https:\/\/www.keramika.com\/slovenija\/wp-json\/wp\/v2\/product_tag?post=100896"}],"curies":[{"name":"wp","href":"https:\/\/api.w.org\/{rel}","templated":true}]}}