{"id":100894,"date":"2017-03-22T22:45:48","date_gmt":"2017-03-22T22:45:48","guid":{"rendered":"http:\/\/keramika.holest.com\/slovenija\/product\/projektne-ploscice-fap-base\/"},"modified":"2026-01-01T00:02:20","modified_gmt":"2026-01-01T00:02:20","slug":"projektne-ploscice-fap-base","status":"publish","type":"product","link":"https:\/\/www.keramika.com\/slovenija\/projektne-ploscice-fap-base\/","title":{"rendered":"Projektne plo\u0161\u0107ice Fap Base"},"content":{"rendered":"<p>Prihaja iz Italije, ki po svetu slovi kot ena bolj\u0161ih proizvajalk kerami\u010dnih plo\u0161\u010dic. Plo\u0161\u010dica na sliki je velika 60&#215;60 cm. Ta plo\u0161\u010dica je debela 10 mm in je zelo trpe\u017ena. Redna cena te plo\u0161\u010dice v maloprodaji zna\u0161a 71,2 EUR, v na\u0161i spletni trgovini pa jo lahko dobite \u017ee za 56,97 EUR. Letos so plo\u0161\u010dice v sivi barvi zelo za\u017eeljene.<\/p>\n<p>Kliknite na ime kolekcije za ogled vseh plo\u0161\u010dic iz te serije: <a class=\"pdfcatal\" href=\"\/\/www.ceramictiles.com\/pdf\/fap\/catalogue_fap_base.pdf\" onclick=\"recordOutboundLink(this, 'E-mail', 'Description PDF');return false;\">Fap Ceramiche &#8211; Gruppo Concorde Base<\/a><\/p>\n<p>\u010ce \u017eelite naro\u010diti model iz pdf kataloga te kolekcije, nam pi\u0161ite na: <a href=\"mailto:keramoteka.salon@gmail.com\" onclick=\"recordOutboundLink(this, 'E-mail', 'Description mail');return false;\">keramoteka.salon@gmail.com<\/a> ali pa nas pokli\u010dite na: 031 255 900.<\/p>\n<p>Technical description: <\/p>\n<p>W 60X60 , 60X120 , 20X120 , 75X75 , 37.5X75 , 30X30 &#8211; F ( R9 &#8211; R11 ) 60X60 , 60X120 , 20X120 , 75X75 , 37.5X75 , 30X30 ; <br \/>Quarzo ; Lava ; Sabbia ; Fango ; Pietra ; Fango ; Base Fango Macrosaico ; Base Sabbia Macrosaico ; Base Lava Macrosaico ; Base Pietra Macrosaico ; Base Quarzo Macrosaico ; Base Terra Macrosaico ;<\/p>\n","protected":false},"excerpt":{"rendered":"<p>Prihaja iz Italije, ki po svetu slovi kot ena bolj\u0161ih proizvajalk kerami\u010dnih plo\u0161\u010dic. Plo\u0161\u010dica na sliki je velika 60&#215;60 cm. Ta plo\u0161\u010dica je debela 10 mm in je zelo trpe\u017ena. Redna cena te plo\u0161\u010dice v maloprodaji zna\u0161a 71,2 EUR, v na\u0161i spletni trgovini pa jo lahko dobite \u017ee za 56,97 EUR. Letos so plo\u0161\u010dice v [&hellip;]<\/p>\n","protected":false},"featured_media":100895,"template":"","meta":[],"product_cat":[999519,200,999,240],"product_tag":[],"_links":{"self":[{"href":"https:\/\/www.keramika.com\/slovenija\/wp-json\/wp\/v2\/product\/100894"}],"collection":[{"href":"https:\/\/www.keramika.com\/slovenija\/wp-json\/wp\/v2\/product"}],"about":[{"href":"https:\/\/www.keramika.com\/slovenija\/wp-json\/wp\/v2\/types\/product"}],"wp:featuredmedia":[{"embeddable":true,"href":"https:\/\/www.keramika.com\/slovenija\/wp-json\/wp\/v2\/media\/100895"}],"wp:attachment":[{"href":"https:\/\/www.keramika.com\/slovenija\/wp-json\/wp\/v2\/media?parent=100894"}],"wp:term":[{"taxonomy":"product_cat","embeddable":true,"href":"https:\/\/www.keramika.com\/slovenija\/wp-json\/wp\/v2\/product_cat?post=100894"},{"taxonomy":"product_tag","embeddable":true,"href":"https:\/\/www.keramika.com\/slovenija\/wp-json\/wp\/v2\/product_tag?post=100894"}],"curies":[{"name":"wp","href":"https:\/\/api.w.org\/{rel}","templated":true}]}}