{"id":100892,"date":"2017-03-22T22:45:46","date_gmt":"2017-03-22T22:45:46","guid":{"rendered":"http:\/\/keramika.holest.com\/slovenija\/product\/keramika-fap-archi\/"},"modified":"2026-01-01T00:02:20","modified_gmt":"2026-01-01T00:02:20","slug":"keramika-fap-archi","status":"publish","type":"product","link":"https:\/\/www.keramika.com\/slovenija\/keramika-fap-archi\/","title":{"rendered":"Keramika Fap Archi"},"content":{"rendered":"<p>Ta kerami\u010dna plo\u0161\u010dica v \u010dudoviti zeleni barvi bo obogatila vsak prostor. 7 mm debeline je dovolj tudi za zahtevnej\u0161e kupce. Z velikostjo 20&#215;20 cm je ta plo\u0161\u010dica primerna ze razli\u010dne povr\u0161ine. Fap ceramiche Archi Menta je plo\u0161\u010dica proizvajalca Fap Ceramiche &#8211; Gruppo Concorde in prihaja iz Italije. Redna cena te plo\u0161\u010dice v maloprodaji zna\u0161a 26,44 EUR, v na\u0161i spletni trgovini pa jo lahko dobite \u017ee za 21,15 EUR.<\/p>\n<p>Kliknite na ime kolekcije za ogled vseh plo\u0161\u010dic iz te serije: <a class=\"pdfcatal\" href=\"\/\/www.ceramictiles.com\/pdf\/fap\/catalogue_fap_archicolors.pdf\" onclick=\"recordOutboundLink(this, 'E-mail', 'Description PDF');return false;\">Fap Ceramiche &#8211; Gruppo Concorde Archi<\/a><\/p>\n<p>\u010ce \u017eelite naro\u010diti model iz pdf kataloga te kolekcije, nam pi\u0161ite na: <a href=\"mailto:keramoteka.salon@gmail.com\" onclick=\"recordOutboundLink(this, 'E-mail', 'Description mail');return false;\">keramoteka.salon@gmail.com<\/a> ali pa nas pokli\u010dite na: 031 255 900.<\/p>\n<p>Technical description: <\/p>\n<p>W 20X20 &#8211; F 20X20 ; <br \/>Archi Bianco ; Archi Bianco Grip ; Archi Polvere ; Archi Cenere ; Archi Cenere Grip ; Archi Matita ; Archi Ardesia ; Archi Celeste ; Archi Mare ; Archi Mare Grip ; Archi Denim ; Archi Glicine ; Archi Orchidea ; Archi Ametista ; Archi Ecru ; Archi Ecru Grip ; Archi Kaki ; Archi Kaki Grip ; Archi Tortora ; Archi Tortora Grip ; Archi Camoscio ; Archi Caff\u00e8 ; Archi Menta ; Archi Menta Grip ; Archi Asparago ; Archi Foresta ; Archi Limone ; Archi Mandarino ; Archi Fiamma ;<\/p>\n","protected":false},"excerpt":{"rendered":"<p>Ta kerami\u010dna plo\u0161\u010dica v \u010dudoviti zeleni barvi bo obogatila vsak prostor. 7 mm debeline je dovolj tudi za zahtevnej\u0161e kupce. Z velikostjo 20&#215;20 cm je ta plo\u0161\u010dica primerna ze razli\u010dne povr\u0161ine. Fap ceramiche Archi Menta je plo\u0161\u010dica proizvajalca Fap Ceramiche &#8211; Gruppo Concorde in prihaja iz Italije. Redna cena te plo\u0161\u010dice v maloprodaji zna\u0161a 26,44 [&hellip;]<\/p>\n","protected":false},"featured_media":100893,"template":"","meta":[],"product_cat":[999519,200,999,240],"product_tag":[],"_links":{"self":[{"href":"https:\/\/www.keramika.com\/slovenija\/wp-json\/wp\/v2\/product\/100892"}],"collection":[{"href":"https:\/\/www.keramika.com\/slovenija\/wp-json\/wp\/v2\/product"}],"about":[{"href":"https:\/\/www.keramika.com\/slovenija\/wp-json\/wp\/v2\/types\/product"}],"wp:featuredmedia":[{"embeddable":true,"href":"https:\/\/www.keramika.com\/slovenija\/wp-json\/wp\/v2\/media\/100893"}],"wp:attachment":[{"href":"https:\/\/www.keramika.com\/slovenija\/wp-json\/wp\/v2\/media?parent=100892"}],"wp:term":[{"taxonomy":"product_cat","embeddable":true,"href":"https:\/\/www.keramika.com\/slovenija\/wp-json\/wp\/v2\/product_cat?post=100892"},{"taxonomy":"product_tag","embeddable":true,"href":"https:\/\/www.keramika.com\/slovenija\/wp-json\/wp\/v2\/product_tag?post=100892"}],"curies":[{"name":"wp","href":"https:\/\/api.w.org\/{rel}","templated":true}]}}