{"id":100890,"date":"2017-03-22T22:45:44","date_gmt":"2017-03-22T22:45:44","guid":{"rendered":"http:\/\/keramika.holest.com\/slovenija\/product\/ploscice-za-kopalnico-fap-amour\/"},"modified":"2026-01-01T00:02:19","modified_gmt":"2026-01-01T00:02:19","slug":"ploscice-za-kopalnico-fap-amour","status":"publish","type":"product","link":"https:\/\/www.keramika.com\/slovenija\/ploscice-za-kopalnico-fap-amour\/","title":{"rendered":"Plo\u0161\u010dice za kopalnico Fap Amour"},"content":{"rendered":"<p>Velikost te plo\u0161\u010dice je 25&#215;40 cm. Plo\u0161\u010dica je debela kar 8 mm, kar jo uvr\u0161\u010da med bolj trde plo\u0161\u010dice. Keramika v modri barvi popestri vsak prostor. Namesto 45 EUR kot bi za to plo\u0161\u010dico od\u0161teli v klasi\u010dni trgovini, boste v na\u0161i spletni prodajalni od\u0161teli le 36 EUR. Ta plo\u0161\u010dica prihaja iz Italije, ki je znana po kvalitetni keramiki.<\/p>\n<p>Kliknite na ime kolekcije za ogled vseh plo\u0161\u010dic iz te serije: <a class=\"pdfcatal\" href=\"\/\/www.ceramictiles.com\/pdf\/fap\/catalogue_fap_amour.pdf\" onclick=\"recordOutboundLink(this, 'E-mail', 'Description PDF');return false;\">Fap Ceramiche &#8211; Gruppo Concorde Amour<\/a><\/p>\n<p>\u010ce \u017eelite naro\u010diti model iz pdf kataloga te kolekcije, nam pi\u0161ite na: <a href=\"mailto:keramoteka.salon@gmail.com\" onclick=\"recordOutboundLink(this, 'E-mail', 'Description mail');return false;\">keramoteka.salon@gmail.com<\/a> ali pa nas pokli\u010dite na: 031 255 900.<\/p>\n<p>Technical description: <\/p>\n<p>W 25X45 ; 30.5X30.5 &#8211; F 31.5X31.5 ; <br \/>Amour Terre ; Amour Sable ; Amour Jardin ; Amour Glace ; Amour Glycine ; Amour Mer ; Amour Ciel Mosaico Rete ; Amour Sable Mosaico Rete ; Amour Glycine Mosaico Rete ; Amour Mer Mosaico Rete ; Amour Terre Mosaico Rete ; Amour Jardin Mosaico Rete ; Amour Metal Mosaico Rete ;<\/p>\n","protected":false},"excerpt":{"rendered":"<p>Velikost te plo\u0161\u010dice je 25&#215;40 cm. Plo\u0161\u010dica je debela kar 8 mm, kar jo uvr\u0161\u010da med bolj trde plo\u0161\u010dice. Keramika v modri barvi popestri vsak prostor. Namesto 45 EUR kot bi za to plo\u0161\u010dico od\u0161teli v klasi\u010dni trgovini, boste v na\u0161i spletni prodajalni od\u0161teli le 36 EUR. Ta plo\u0161\u010dica prihaja iz Italije, ki je znana [&hellip;]<\/p>\n","protected":false},"featured_media":100891,"template":"","meta":[],"product_cat":[999519,200,999,250],"product_tag":[],"_links":{"self":[{"href":"https:\/\/www.keramika.com\/slovenija\/wp-json\/wp\/v2\/product\/100890"}],"collection":[{"href":"https:\/\/www.keramika.com\/slovenija\/wp-json\/wp\/v2\/product"}],"about":[{"href":"https:\/\/www.keramika.com\/slovenija\/wp-json\/wp\/v2\/types\/product"}],"wp:featuredmedia":[{"embeddable":true,"href":"https:\/\/www.keramika.com\/slovenija\/wp-json\/wp\/v2\/media\/100891"}],"wp:attachment":[{"href":"https:\/\/www.keramika.com\/slovenija\/wp-json\/wp\/v2\/media?parent=100890"}],"wp:term":[{"taxonomy":"product_cat","embeddable":true,"href":"https:\/\/www.keramika.com\/slovenija\/wp-json\/wp\/v2\/product_cat?post=100890"},{"taxonomy":"product_tag","embeddable":true,"href":"https:\/\/www.keramika.com\/slovenija\/wp-json\/wp\/v2\/product_tag?post=100890"}],"curies":[{"name":"wp","href":"https:\/\/api.w.org\/{rel}","templated":true}]}}