{"id":100888,"date":"2017-03-22T22:45:42","date_gmt":"2017-03-22T22:45:42","guid":{"rendered":"http:\/\/keramika.holest.com\/slovenija\/product\/stenske-ploscice-fap-alba\/"},"modified":"2026-01-01T00:02:19","modified_gmt":"2026-01-01T00:02:19","slug":"stenske-ploscice-fap-alba","status":"publish","type":"product","link":"https:\/\/www.keramika.com\/slovenija\/stenske-ploscice-fap-alba\/","title":{"rendered":"Stenske plo\u0161\u010dice Fap Alba"},"content":{"rendered":"<p>Ta model plo\u0161\u010dice se najbolje prodaja v roza barvi. Fap ceramiche Alba Rosa je na voljo po zelo ugodni ceni 30,6 EUR. \u0160irina in dol\u017eina te plo\u0161\u010dice sta 25&#215;40 cm. Fap ceramiche Alba Rosa prihaja iz Italije, ki je znana po zelo kvalitetni keramiki v svetovnem merilu. 8 mm je debelina, ki zadovolji tudi zahtevnej\u0161e kupce.<\/p>\n<p>Kliknite na ime kolekcije za ogled vseh plo\u0161\u010dic iz te serije: <a class=\"pdfcatal\" href=\"\/\/www.ceramictiles.com\/pdf\/fap\/catalogue_fap_alba.pdf\" onclick=\"recordOutboundLink(this, 'E-mail', 'Description PDF');return false;\">Fap Ceramiche &#8211; Gruppo Concorde Alba<\/a><\/p>\n<p>\u010ce \u017eelite naro\u010diti model iz pdf kataloga te kolekcije, nam pi\u0161ite na: <a href=\"mailto:keramoteka.salon@gmail.com\" onclick=\"recordOutboundLink(this, 'E-mail', 'Description mail');return false;\">keramoteka.salon@gmail.com<\/a> ali pa nas pokli\u010dite na: 031 255 900.<\/p>\n<p>Technical description: <\/p>\n<p>W 25X45 &#8211; 30.5X30.5 ;<br \/> Alba Bianco ; Alba Nero ; Alba Grigio ; Alba Rosa ; Alba Marrone ; Alba Beige ; Alba Bianco Mosaico ; Alba Beige Bianco Mosaico ; Alba Rosa Bianco Mosaico ; Alba Nero Mosaico ; Alba Marrone Mosaico ;<\/p>\n","protected":false},"excerpt":{"rendered":"<p>Ta model plo\u0161\u010dice se najbolje prodaja v roza barvi. Fap ceramiche Alba Rosa je na voljo po zelo ugodni ceni 30,6 EUR. \u0160irina in dol\u017eina te plo\u0161\u010dice sta 25&#215;40 cm. Fap ceramiche Alba Rosa prihaja iz Italije, ki je znana po zelo kvalitetni keramiki v svetovnem merilu. 8 mm je debelina, ki zadovolji tudi zahtevnej\u0161e [&hellip;]<\/p>\n","protected":false},"featured_media":100889,"template":"","meta":[],"product_cat":[999519,200,999,250],"product_tag":[],"_links":{"self":[{"href":"https:\/\/www.keramika.com\/slovenija\/wp-json\/wp\/v2\/product\/100888"}],"collection":[{"href":"https:\/\/www.keramika.com\/slovenija\/wp-json\/wp\/v2\/product"}],"about":[{"href":"https:\/\/www.keramika.com\/slovenija\/wp-json\/wp\/v2\/types\/product"}],"wp:featuredmedia":[{"embeddable":true,"href":"https:\/\/www.keramika.com\/slovenija\/wp-json\/wp\/v2\/media\/100889"}],"wp:attachment":[{"href":"https:\/\/www.keramika.com\/slovenija\/wp-json\/wp\/v2\/media?parent=100888"}],"wp:term":[{"taxonomy":"product_cat","embeddable":true,"href":"https:\/\/www.keramika.com\/slovenija\/wp-json\/wp\/v2\/product_cat?post=100888"},{"taxonomy":"product_tag","embeddable":true,"href":"https:\/\/www.keramika.com\/slovenija\/wp-json\/wp\/v2\/product_tag?post=100888"}],"curies":[{"name":"wp","href":"https:\/\/api.w.org\/{rel}","templated":true}]}}