{"id":100886,"date":"2017-03-22T22:45:39","date_gmt":"2017-03-22T22:45:39","guid":{"rendered":"http:\/\/keramika.holest.com\/slovenija\/product\/talne-in-stenske-ploscice-casalgrande-padana-zodiaco-bilancia\/"},"modified":"2026-01-01T00:02:19","modified_gmt":"2026-01-01T00:02:19","slug":"talne-in-stenske-ploscice-casalgrande-padana-zodiaco-bilancia","status":"publish","type":"product","link":"https:\/\/www.keramika.com\/slovenija\/talne-in-stenske-ploscice-casalgrande-padana-zodiaco-bilancia\/","title":{"rendered":"Talne in stenske plo\u0161\u010dice Casalgrande Padana Zodiaco Bilancia"},"content":{"rendered":"<p>Casalgrande Padana Zodiaco Bilancia je pripeljana iz Italije in je zelo kvalitetna. Namesto 29,11 EUR kot bi za to plo\u0161\u010dico od\u0161teli v klasi\u010dni trgovini, boste v na\u0161i spletni prodajalni od\u0161teli le 23,29 EUR. Debelina kar 7 mm dela to plo\u0161\u010dico zelo trpe\u017eno in presti\u017eno na otip. Z velikostjo 20&#215;20 cm je ta plo\u0161\u010dica primerna ze razli\u010dne povr\u0161ine. Ta model plo\u0161\u010dice se najbolje prodaja v sivi barvi.<\/p>\n<p>Kliknite na ime kolekcije za ogled vseh plo\u0161\u010dic iz te serije: <a class=\"pdfcatal\" href=\"\/\/www.ceramictiles.com\/pdf\/casalgrandepadana\/catalogue_casalgrande_padana_zodiaco.pdf\" onclick=\"recordOutboundLink(this, 'E-mail', 'Description PDF');return false;\">Casalgrande Padana S.P.A. Zodiaco<\/a><\/p>\n<p>\u010ce \u017eelite naro\u010diti model iz pdf kataloga te kolekcije, nam pi\u0161ite na: <a href=\"mailto:keramoteka.salon@gmail.com\" onclick=\"recordOutboundLink(this, 'E-mail', 'Description mail');return false;\">keramoteka.salon@gmail.com<\/a> ali pa nas pokli\u010dite na: 031 255 900.<\/p>\n<p>Technical description: <br \/> W &#038; F 20&#215;20 <br \/>Bilancia ; Sagittario ; Toro ; Capricorno ;<\/p>\n","protected":false},"excerpt":{"rendered":"<p>Casalgrande Padana Zodiaco Bilancia je pripeljana iz Italije in je zelo kvalitetna. Namesto 29,11 EUR kot bi za to plo\u0161\u010dico od\u0161teli v klasi\u010dni trgovini, boste v na\u0161i spletni prodajalni od\u0161teli le 23,29 EUR. Debelina kar 7 mm dela to plo\u0161\u010dico zelo trpe\u017eno in presti\u017eno na otip. Z velikostjo 20&#215;20 cm je ta plo\u0161\u010dica primerna ze [&hellip;]<\/p>\n","protected":false},"featured_media":100887,"template":"","meta":[],"product_cat":[999448,200,999,240],"product_tag":[],"_links":{"self":[{"href":"https:\/\/www.keramika.com\/slovenija\/wp-json\/wp\/v2\/product\/100886"}],"collection":[{"href":"https:\/\/www.keramika.com\/slovenija\/wp-json\/wp\/v2\/product"}],"about":[{"href":"https:\/\/www.keramika.com\/slovenija\/wp-json\/wp\/v2\/types\/product"}],"wp:featuredmedia":[{"embeddable":true,"href":"https:\/\/www.keramika.com\/slovenija\/wp-json\/wp\/v2\/media\/100887"}],"wp:attachment":[{"href":"https:\/\/www.keramika.com\/slovenija\/wp-json\/wp\/v2\/media?parent=100886"}],"wp:term":[{"taxonomy":"product_cat","embeddable":true,"href":"https:\/\/www.keramika.com\/slovenija\/wp-json\/wp\/v2\/product_cat?post=100886"},{"taxonomy":"product_tag","embeddable":true,"href":"https:\/\/www.keramika.com\/slovenija\/wp-json\/wp\/v2\/product_tag?post=100886"}],"curies":[{"name":"wp","href":"https:\/\/api.w.org\/{rel}","templated":true}]}}