{"id":100880,"date":"2017-03-22T22:45:32","date_gmt":"2017-03-22T22:45:32","guid":{"rendered":"http:\/\/keramika.holest.com\/slovenija\/product\/projektne-ploscice-casalgrande-padana-unicolore-giallo-ocra\/"},"modified":"2026-01-01T00:02:18","modified_gmt":"2026-01-01T00:02:18","slug":"projektne-ploscice-casalgrande-padana-unicolore-giallo-ocra","status":"publish","type":"product","link":"https:\/\/www.keramika.com\/slovenija\/projektne-ploscice-casalgrande-padana-unicolore-giallo-ocra\/","title":{"rendered":"Projektne plo\u0161\u0107ice Casalgrande Padana Unicolore Giallo Ocra"},"content":{"rendered":"<p>Na spletu boste za to plo\u0161\u010dico od\u0161teli le 29,36 EUR, medtem ko v redni prodaji cena zna\u0161a 36,7 EUR. Plo\u0161\u010dica je debela kar 9 mm, kar jo uvr\u0161\u010da med bolj trde plo\u0161\u010dice. \u0160irina in dol\u017eina te plo\u0161\u010dice sta 40&#215;40 cm. Ta model plo\u0161\u010dice se najbolje prodaja v rumeni barvi. To plo\u0161\u010dico je izdelal proizvajalec Casalgrande Padana S.P.A., ki prihaja iz Italije.<\/p>\n<p>Kliknite na ime kolekcije za ogled vseh plo\u0161\u010dic iz te serije: <a class=\"pdfcatal\" href=\"\/\/www.ceramictiles.com\/pdf\/casalgrandepadana\/catalogue_casalgrande_padana_unicolore.pdf\" onclick=\"recordOutboundLink(this, 'E-mail', 'Description PDF');return false;\">Casalgrande Padana S.P.A. Unicolore<\/a><\/p>\n<p>\u010ce \u017eelite naro\u010diti model iz pdf kataloga te kolekcije, nam pi\u0161ite na: <a href=\"mailto:keramoteka.salon@gmail.com\" onclick=\"recordOutboundLink(this, 'E-mail', 'Description mail');return false;\">keramoteka.salon@gmail.com<\/a> ali pa nas pokli\u010dite na: 031 255 900.<\/p>\n<p>Technical description: <br \/> W &#038; F 15&#215;15 ; 20&#215;20 ; 10&#215;20 ; 12,5&#215;25 ; 30&#215;30 ; 40&#215;40 ; 30&#215;60 ; 60&#215;60 ; 60&#215;120 <br \/>Giallo Ocra ; Rosso Mattone ; Rosa Antico ; Rosso Pompei ; Violet ; Verde ; Acquamarina ; Blu Forte ; Blu ; Grigio Azzurro ; Nero ; Grigio Cenere ; Grigio Perla ; Bianco A ; Bianco B ; Bianco Assoluto ;<\/p>\n","protected":false},"excerpt":{"rendered":"<p>Na spletu boste za to plo\u0161\u010dico od\u0161teli le 29,36 EUR, medtem ko v redni prodaji cena zna\u0161a 36,7 EUR. Plo\u0161\u010dica je debela kar 9 mm, kar jo uvr\u0161\u010da med bolj trde plo\u0161\u010dice. \u0160irina in dol\u017eina te plo\u0161\u010dice sta 40&#215;40 cm. Ta model plo\u0161\u010dice se najbolje prodaja v rumeni barvi. To plo\u0161\u010dico je izdelal proizvajalec Casalgrande [&hellip;]<\/p>\n","protected":false},"featured_media":100881,"template":"","meta":[],"product_cat":[999448,200,999,240],"product_tag":[],"_links":{"self":[{"href":"https:\/\/www.keramika.com\/slovenija\/wp-json\/wp\/v2\/product\/100880"}],"collection":[{"href":"https:\/\/www.keramika.com\/slovenija\/wp-json\/wp\/v2\/product"}],"about":[{"href":"https:\/\/www.keramika.com\/slovenija\/wp-json\/wp\/v2\/types\/product"}],"wp:featuredmedia":[{"embeddable":true,"href":"https:\/\/www.keramika.com\/slovenija\/wp-json\/wp\/v2\/media\/100881"}],"wp:attachment":[{"href":"https:\/\/www.keramika.com\/slovenija\/wp-json\/wp\/v2\/media?parent=100880"}],"wp:term":[{"taxonomy":"product_cat","embeddable":true,"href":"https:\/\/www.keramika.com\/slovenija\/wp-json\/wp\/v2\/product_cat?post=100880"},{"taxonomy":"product_tag","embeddable":true,"href":"https:\/\/www.keramika.com\/slovenija\/wp-json\/wp\/v2\/product_tag?post=100880"}],"curies":[{"name":"wp","href":"https:\/\/api.w.org\/{rel}","templated":true}]}}