{"id":100878,"date":"2017-03-22T22:45:30","date_gmt":"2017-03-22T22:45:30","guid":{"rendered":"http:\/\/keramika.holest.com\/slovenija\/product\/projektne-ploscice-casalgrande-padana-tuscolano-bianco\/"},"modified":"2026-01-01T00:02:18","modified_gmt":"2026-01-01T00:02:18","slug":"projektne-ploscice-casalgrande-padana-tuscolano-bianco","status":"publish","type":"product","link":"https:\/\/www.keramika.com\/slovenija\/projektne-ploscice-casalgrande-padana-tuscolano-bianco\/","title":{"rendered":"Projektne plo\u0161\u0107ice Casalgrande Padana Tuscolano Bianco"},"content":{"rendered":"<p>Ta model plo\u0161\u010dice se najbolje prodaja v beli barvi. Z velikostjo 40&#215;40 cm je ta plo\u0161\u010dica primerna ze razli\u010dne povr\u0161ine. Casalgrande Padana Tuscolano Bianco je pripeljana iz Italije in je zelo kvalitetna. Redna cena te plo\u0161\u010dice v maloprodaji zna\u0161a 34,17 EUR, v na\u0161i spletni trgovini pa jo lahko dobite \u017ee za 27,34 EUR. Debelina kar 10 mm dela to plo\u0161\u010dico zelo trpe\u017eno in presti\u017eno na otip.<\/p>\n<p>Kliknite na ime kolekcije za ogled vseh plo\u0161\u010dic iz te serije: <a class=\"pdfcatal\" href=\"\/\/www.ceramictiles.com\/pdf\/casalgrandepadana\/catalogue_casalgrande_padana_tuscolano.pdf\" onclick=\"recordOutboundLink(this, 'E-mail', 'Description PDF');return false;\">Casalgrande Padana S.P.A. Tuscolano<\/a><\/p>\n<p>\u010ce \u017eelite naro\u010diti model iz pdf kataloga te kolekcije, nam pi\u0161ite na: <a href=\"mailto:keramoteka.salon@gmail.com\" onclick=\"recordOutboundLink(this, 'E-mail', 'Description mail');return false;\">keramoteka.salon@gmail.com<\/a> ali pa nas pokli\u010dite na: 031 255 900.<\/p>\n<p>Technical description: <br \/> F 15&#215;15 ; 40&#215;40 <br \/>Tuscolano Bianco  ; Tuscolano Bianco Levigato ; Tuscolano Noce ; Tuscolano Noce Levigato ; Tuscolano Giallo ; Tuscolano Giallo Levigato ;<\/p>\n","protected":false},"excerpt":{"rendered":"<p>Ta model plo\u0161\u010dice se najbolje prodaja v beli barvi. Z velikostjo 40&#215;40 cm je ta plo\u0161\u010dica primerna ze razli\u010dne povr\u0161ine. Casalgrande Padana Tuscolano Bianco je pripeljana iz Italije in je zelo kvalitetna. Redna cena te plo\u0161\u010dice v maloprodaji zna\u0161a 34,17 EUR, v na\u0161i spletni trgovini pa jo lahko dobite \u017ee za 27,34 EUR. Debelina kar [&hellip;]<\/p>\n","protected":false},"featured_media":100879,"template":"","meta":[],"product_cat":[999448,200,999,240],"product_tag":[],"_links":{"self":[{"href":"https:\/\/www.keramika.com\/slovenija\/wp-json\/wp\/v2\/product\/100878"}],"collection":[{"href":"https:\/\/www.keramika.com\/slovenija\/wp-json\/wp\/v2\/product"}],"about":[{"href":"https:\/\/www.keramika.com\/slovenija\/wp-json\/wp\/v2\/types\/product"}],"wp:featuredmedia":[{"embeddable":true,"href":"https:\/\/www.keramika.com\/slovenija\/wp-json\/wp\/v2\/media\/100879"}],"wp:attachment":[{"href":"https:\/\/www.keramika.com\/slovenija\/wp-json\/wp\/v2\/media?parent=100878"}],"wp:term":[{"taxonomy":"product_cat","embeddable":true,"href":"https:\/\/www.keramika.com\/slovenija\/wp-json\/wp\/v2\/product_cat?post=100878"},{"taxonomy":"product_tag","embeddable":true,"href":"https:\/\/www.keramika.com\/slovenija\/wp-json\/wp\/v2\/product_tag?post=100878"}],"curies":[{"name":"wp","href":"https:\/\/api.w.org\/{rel}","templated":true}]}}