{"id":100876,"date":"2017-03-22T22:45:28","date_gmt":"2017-03-22T22:45:28","guid":{"rendered":"http:\/\/keramika.holest.com\/slovenija\/product\/projektne-ploscice-casalgrande-padana-titano-champagne\/"},"modified":"2026-01-01T00:02:18","modified_gmt":"2026-01-01T00:02:18","slug":"projektne-ploscice-casalgrande-padana-titano-champagne","status":"publish","type":"product","link":"https:\/\/www.keramika.com\/slovenija\/projektne-ploscice-casalgrande-padana-titano-champagne\/","title":{"rendered":"Projektne plo\u0161\u0107ice Casalgrande Padana Titano Champagne"},"content":{"rendered":"<p>Z 30&#215;30 cm je ta plo\u0161\u010dica primerna za razli\u010dne podlage. Ta model plo\u0161\u010dice se najbolje prodaja v beli barvi. Redna cena te plo\u0161\u010dice v maloprodaji zna\u0161a 54,42 EUR, v na\u0161i spletni trgovini pa jo lahko dobite \u017ee za 43,54 EUR. Casalgrande Padana Titano Champagne je pripeljana iz Italije in je zelo kvalitetna. Ta plo\u0161\u010dica je debela 8 mm in je zelo trpe\u017ena.<\/p>\n<p>Kliknite na ime kolekcije za ogled vseh plo\u0161\u010dic iz te serije: <a class=\"pdfcatal\" href=\"\/\/www.ceramictiles.com\/pdf\/casalgrandepadana\/catalogue_casalgrande_padana_titano.pdf\" onclick=\"recordOutboundLink(this, 'E-mail', 'Description PDF');return false;\">Casalgrande Padana S.P.A. Titano<\/a><\/p>\n<p>\u010ce \u017eelite naro\u010diti model iz pdf kataloga te kolekcije, nam pi\u0161ite na: <a href=\"mailto:keramoteka.salon@gmail.com\" onclick=\"recordOutboundLink(this, 'E-mail', 'Description mail');return false;\">keramoteka.salon@gmail.com<\/a> ali pa nas pokli\u010dite na: 031 255 900.<\/p>\n<p>Technical description: <br \/> F 15&#215;45 ; 22,5&#215;45 ; 30&#215;45 ; 30&#215;60 ; 45&#215;45 ; 60&#215;60 <br \/>Chambrod ; Champagne ; Caen ; Cardoso ; Grigio Ash ; Buxy ; Matraia ;<\/p>\n","protected":false},"excerpt":{"rendered":"<p>Z 30&#215;30 cm je ta plo\u0161\u010dica primerna za razli\u010dne podlage. Ta model plo\u0161\u010dice se najbolje prodaja v beli barvi. Redna cena te plo\u0161\u010dice v maloprodaji zna\u0161a 54,42 EUR, v na\u0161i spletni trgovini pa jo lahko dobite \u017ee za 43,54 EUR. Casalgrande Padana Titano Champagne je pripeljana iz Italije in je zelo kvalitetna. Ta plo\u0161\u010dica je [&hellip;]<\/p>\n","protected":false},"featured_media":100877,"template":"","meta":[],"product_cat":[999448,200,999,240],"product_tag":[],"_links":{"self":[{"href":"https:\/\/www.keramika.com\/slovenija\/wp-json\/wp\/v2\/product\/100876"}],"collection":[{"href":"https:\/\/www.keramika.com\/slovenija\/wp-json\/wp\/v2\/product"}],"about":[{"href":"https:\/\/www.keramika.com\/slovenija\/wp-json\/wp\/v2\/types\/product"}],"wp:featuredmedia":[{"embeddable":true,"href":"https:\/\/www.keramika.com\/slovenija\/wp-json\/wp\/v2\/media\/100877"}],"wp:attachment":[{"href":"https:\/\/www.keramika.com\/slovenija\/wp-json\/wp\/v2\/media?parent=100876"}],"wp:term":[{"taxonomy":"product_cat","embeddable":true,"href":"https:\/\/www.keramika.com\/slovenija\/wp-json\/wp\/v2\/product_cat?post=100876"},{"taxonomy":"product_tag","embeddable":true,"href":"https:\/\/www.keramika.com\/slovenija\/wp-json\/wp\/v2\/product_tag?post=100876"}],"curies":[{"name":"wp","href":"https:\/\/api.w.org\/{rel}","templated":true}]}}