{"id":100872,"date":"2017-03-22T22:45:24","date_gmt":"2017-03-22T22:45:24","guid":{"rendered":"http:\/\/keramika.holest.com\/slovenija\/product\/talne-in-stenske-ploscice-casalgrande-padana-terre-toscane-montepulciano\/"},"modified":"2026-01-01T00:02:17","modified_gmt":"2026-01-01T00:02:17","slug":"talne-in-stenske-ploscice-casalgrande-padana-terre-toscane-montepulciano","status":"publish","type":"product","link":"https:\/\/www.keramika.com\/slovenija\/talne-in-stenske-ploscice-casalgrande-padana-terre-toscane-montepulciano\/","title":{"rendered":"Talne in stenske plo\u0161\u010dice Casalgrande Padana Terre Toscane Montepulciano"},"content":{"rendered":"<p>53,79 EUR v klasi\u010dni trgovini, pri nas pa le 43,03 EUR. Z velikostjo 30&#215;30 cm je ta plo\u0161\u010dica primerna ze razli\u010dne povr\u0161ine. Debelina kar 8 mm dela to plo\u0161\u010dico zelo trpe\u017eno in presti\u017eno na otip. Keramika v beli barvi popestri vsak prostor. Casalgrande Padana Terre Toscane Montepulciano je pripeljana iz Italije in je zelo kvalitetna.<\/p>\n<p>Kliknite na ime kolekcije za ogled vseh plo\u0161\u010dic iz te serije: <a class=\"pdfcatal\" href=\"\/\/www.ceramictiles.com\/pdf\/casalgrandepadana\/catalogue_casalgrande_padana_terre_toscane.pdf\" onclick=\"recordOutboundLink(this, 'E-mail', 'Description PDF');return false;\">Casalgrande Padana S.P.A. Terre Toscane<\/a><\/p>\n<p>\u010ce \u017eelite naro\u010diti model iz pdf kataloga te kolekcije, nam pi\u0161ite na: <a href=\"mailto:keramoteka.salon@gmail.com\" onclick=\"recordOutboundLink(this, 'E-mail', 'Description mail');return false;\">keramoteka.salon@gmail.com<\/a> ali pa nas pokli\u010dite na: 031 255 900.<\/p>\n<p>Technical description: <br \/> W &#038; F 30&#215;30 ; 30&#215;60 ; 60&#215;60 <br \/>Monteriggioni ; Verazzano ; Gaiole ; Volpaia ; San Casciano ; Greve ; Montepulciano ; San Gimignano ;<\/p>\n","protected":false},"excerpt":{"rendered":"<p>53,79 EUR v klasi\u010dni trgovini, pri nas pa le 43,03 EUR. Z velikostjo 30&#215;30 cm je ta plo\u0161\u010dica primerna ze razli\u010dne povr\u0161ine. Debelina kar 8 mm dela to plo\u0161\u010dico zelo trpe\u017eno in presti\u017eno na otip. Keramika v beli barvi popestri vsak prostor. Casalgrande Padana Terre Toscane Montepulciano je pripeljana iz Italije in je zelo kvalitetna. [&hellip;]<\/p>\n","protected":false},"featured_media":100873,"template":"","meta":[],"product_cat":[999448,200,999,240],"product_tag":[],"_links":{"self":[{"href":"https:\/\/www.keramika.com\/slovenija\/wp-json\/wp\/v2\/product\/100872"}],"collection":[{"href":"https:\/\/www.keramika.com\/slovenija\/wp-json\/wp\/v2\/product"}],"about":[{"href":"https:\/\/www.keramika.com\/slovenija\/wp-json\/wp\/v2\/types\/product"}],"wp:featuredmedia":[{"embeddable":true,"href":"https:\/\/www.keramika.com\/slovenija\/wp-json\/wp\/v2\/media\/100873"}],"wp:attachment":[{"href":"https:\/\/www.keramika.com\/slovenija\/wp-json\/wp\/v2\/media?parent=100872"}],"wp:term":[{"taxonomy":"product_cat","embeddable":true,"href":"https:\/\/www.keramika.com\/slovenija\/wp-json\/wp\/v2\/product_cat?post=100872"},{"taxonomy":"product_tag","embeddable":true,"href":"https:\/\/www.keramika.com\/slovenija\/wp-json\/wp\/v2\/product_tag?post=100872"}],"curies":[{"name":"wp","href":"https:\/\/api.w.org\/{rel}","templated":true}]}}