{"id":100866,"date":"2017-03-22T22:45:17","date_gmt":"2017-03-22T22:45:17","guid":{"rendered":"http:\/\/keramika.holest.com\/slovenija\/product\/ploscice-za-kopalnico-casalgrande-padana-riflessi-zaffiro\/"},"modified":"2026-01-01T00:02:16","modified_gmt":"2026-01-01T00:02:16","slug":"ploscice-za-kopalnico-casalgrande-padana-riflessi-zaffiro","status":"publish","type":"product","link":"https:\/\/www.keramika.com\/slovenija\/ploscice-za-kopalnico-casalgrande-padana-riflessi-zaffiro\/","title":{"rendered":"Plo\u0161\u010dice za kopalnico Casalgrande Padana Riflessi Zaffiro"},"content":{"rendered":"<p>Dimenzije te plo\u0161\u010dice so 20&#215;20 cm. To plo\u0161\u010dico je izdelal proizvajalec Casalgrande Padana S.P.A., ki prihaja iz Italije. Plo\u0161\u010dica je debela kar 7 mm, kar jo uvr\u0161\u010da med bolj trde plo\u0161\u010dice. Letos so plo\u0161\u010dice v modri barvi zelo za\u017eeljene. 31,64 EUR v klasi\u010dni trgovini, pri nas pa le 25,31 EUR.<\/p>\n<p>Kliknite na ime kolekcije za ogled vseh plo\u0161\u010dic iz te serije: <a class=\"pdfcatal\" href=\"\/\/www.ceramictiles.com\/pdf\/casalgrandepadana\/catalogue_casalgrande_padana_riflessi.pdf\" onclick=\"recordOutboundLink(this, 'E-mail', 'Description PDF');return false;\">Casalgrande Padana S.P.A. Riflessi<\/a><\/p>\n<p>\u010ce \u017eelite naro\u010diti model iz pdf kataloga te kolekcije, nam pi\u0161ite na: <a href=\"mailto:keramoteka.salon@gmail.com\" onclick=\"recordOutboundLink(this, 'E-mail', 'Description mail');return false;\">keramoteka.salon@gmail.com<\/a> ali pa nas pokli\u010dite na: 031 255 900.<\/p>\n<p>Technical description: <br \/> W &#038; F 20&#215;20 <br \/>Ambra ; Topazio ; Opale ; Ametista ; Agata ; Turchese ; Zaffiro ; Giada ;<\/p>\n","protected":false},"excerpt":{"rendered":"<p>Dimenzije te plo\u0161\u010dice so 20&#215;20 cm. To plo\u0161\u010dico je izdelal proizvajalec Casalgrande Padana S.P.A., ki prihaja iz Italije. Plo\u0161\u010dica je debela kar 7 mm, kar jo uvr\u0161\u010da med bolj trde plo\u0161\u010dice. Letos so plo\u0161\u010dice v modri barvi zelo za\u017eeljene. 31,64 EUR v klasi\u010dni trgovini, pri nas pa le 25,31 EUR. Kliknite na ime kolekcije za [&hellip;]<\/p>\n","protected":false},"featured_media":100867,"template":"","meta":[],"product_cat":[999448,200,999,250],"product_tag":[],"_links":{"self":[{"href":"https:\/\/www.keramika.com\/slovenija\/wp-json\/wp\/v2\/product\/100866"}],"collection":[{"href":"https:\/\/www.keramika.com\/slovenija\/wp-json\/wp\/v2\/product"}],"about":[{"href":"https:\/\/www.keramika.com\/slovenija\/wp-json\/wp\/v2\/types\/product"}],"wp:featuredmedia":[{"embeddable":true,"href":"https:\/\/www.keramika.com\/slovenija\/wp-json\/wp\/v2\/media\/100867"}],"wp:attachment":[{"href":"https:\/\/www.keramika.com\/slovenija\/wp-json\/wp\/v2\/media?parent=100866"}],"wp:term":[{"taxonomy":"product_cat","embeddable":true,"href":"https:\/\/www.keramika.com\/slovenija\/wp-json\/wp\/v2\/product_cat?post=100866"},{"taxonomy":"product_tag","embeddable":true,"href":"https:\/\/www.keramika.com\/slovenija\/wp-json\/wp\/v2\/product_tag?post=100866"}],"curies":[{"name":"wp","href":"https:\/\/api.w.org\/{rel}","templated":true}]}}