{"id":100854,"date":"2017-03-22T22:45:06","date_gmt":"2017-03-22T22:45:06","guid":{"rendered":"http:\/\/keramika.holest.com\/slovenija\/product\/talne-in-stenske-ploscice-casalgrande-padana-pietre-etrusche-saturnia\/"},"modified":"2026-01-01T00:02:14","modified_gmt":"2026-01-01T00:02:14","slug":"talne-in-stenske-ploscice-casalgrande-padana-pietre-etrusche-saturnia","status":"publish","type":"product","link":"https:\/\/www.keramika.com\/slovenija\/talne-in-stenske-ploscice-casalgrande-padana-pietre-etrusche-saturnia\/","title":{"rendered":"Talne in stenske plo\u0161\u010dice Casalgrande Padana Pietre Etrusche Saturnia"},"content":{"rendered":"<p>Ta plo\u0161\u010dica je debela 10 mm in je zelo trpe\u017ena. Dimenzije te plo\u0161\u010dice so 30&#215;30 cm. Ta model plo\u0161\u010dice se najbolje prodaja v be\u017e barvi. Na spletu boste za to plo\u0161\u010dico od\u0161teli le 39,99 EUR, medtem ko v redni prodaji cena zna\u0161a 49,99 EUR. Casalgrande Padana Pietre Etrusche Saturnia je pripeljana iz Italije in je zelo kvalitetna.<\/p>\n<p>Kliknite na ime kolekcije za ogled vseh plo\u0161\u010dic iz te serije: <a class=\"pdfcatal\" href=\"\/\/www.ceramictiles.com\/pdf\/casalgrandepadana\/catalogue_casalgrande_padana_pietre_etrusche.pdf\" onclick=\"recordOutboundLink(this, 'E-mail', 'Description PDF');return false;\">Casalgrande Padana S.P.A. Pietre Etrusche<\/a><\/p>\n<p>\u010ce \u017eelite naro\u010diti model iz pdf kataloga te kolekcije, nam pi\u0161ite na: <a href=\"mailto:keramoteka.salon@gmail.com\" onclick=\"recordOutboundLink(this, 'E-mail', 'Description mail');return false;\">keramoteka.salon@gmail.com<\/a> ali pa nas pokli\u010dite na: 031 255 900.<\/p>\n<p>Technical description: <br \/> W &#038; F 15&#215;15 ; 15&#215;60 ; 30&#215;30 ; 30&#215;60 ; 45&#215;45 ; 45&#215;90 ; 60&#215;60 <br \/>Manciano ; Vulci ; Capalbio ; Paestum ; Saturnia ; Sovana ; Santafiora ; Pitigliano ; Tuscania ;<\/p>\n","protected":false},"excerpt":{"rendered":"<p>Ta plo\u0161\u010dica je debela 10 mm in je zelo trpe\u017ena. Dimenzije te plo\u0161\u010dice so 30&#215;30 cm. Ta model plo\u0161\u010dice se najbolje prodaja v be\u017e barvi. Na spletu boste za to plo\u0161\u010dico od\u0161teli le 39,99 EUR, medtem ko v redni prodaji cena zna\u0161a 49,99 EUR. Casalgrande Padana Pietre Etrusche Saturnia je pripeljana iz Italije in je [&hellip;]<\/p>\n","protected":false},"featured_media":100855,"template":"","meta":[],"product_cat":[999448,200,999,240],"product_tag":[],"_links":{"self":[{"href":"https:\/\/www.keramika.com\/slovenija\/wp-json\/wp\/v2\/product\/100854"}],"collection":[{"href":"https:\/\/www.keramika.com\/slovenija\/wp-json\/wp\/v2\/product"}],"about":[{"href":"https:\/\/www.keramika.com\/slovenija\/wp-json\/wp\/v2\/types\/product"}],"wp:featuredmedia":[{"embeddable":true,"href":"https:\/\/www.keramika.com\/slovenija\/wp-json\/wp\/v2\/media\/100855"}],"wp:attachment":[{"href":"https:\/\/www.keramika.com\/slovenija\/wp-json\/wp\/v2\/media?parent=100854"}],"wp:term":[{"taxonomy":"product_cat","embeddable":true,"href":"https:\/\/www.keramika.com\/slovenija\/wp-json\/wp\/v2\/product_cat?post=100854"},{"taxonomy":"product_tag","embeddable":true,"href":"https:\/\/www.keramika.com\/slovenija\/wp-json\/wp\/v2\/product_tag?post=100854"}],"curies":[{"name":"wp","href":"https:\/\/api.w.org\/{rel}","templated":true}]}}