{"id":100852,"date":"2017-03-22T22:45:04","date_gmt":"2017-03-22T22:45:04","guid":{"rendered":"http:\/\/keramika.holest.com\/slovenija\/product\/ploscice-za-kopalnico-casalgrande-padana-pietre-di-sardegna-stintino\/"},"modified":"2026-01-01T00:02:14","modified_gmt":"2026-01-01T00:02:14","slug":"ploscice-za-kopalnico-casalgrande-padana-pietre-di-sardegna-stintino","status":"publish","type":"product","link":"https:\/\/www.keramika.com\/slovenija\/ploscice-za-kopalnico-casalgrande-padana-pietre-di-sardegna-stintino\/","title":{"rendered":"Plo\u0161\u010dice za kopalnico Casalgrande Padana Pietre Di Sardegna Stintino"},"content":{"rendered":"<p>Namesto 51,26 EUR kot bi za to plo\u0161\u010dico od\u0161teli v klasi\u010dni trgovini, boste v na\u0161i spletni prodajalni od\u0161teli le 41,01 EUR. \u0160irina in dol\u017eina te plo\u0161\u010dice sta 30&#215;30 cm. Ta kerami\u010dna plo\u0161\u010dica v \u010dudoviti be\u017e barvi bo obogatila vsak prostor. Casalgrande Padana Pietre Di Sardegna Stintino prihaja iz Italije, ki je znana po zelo kvalitetni keramiki v svetovnem merilu. Debelina kar 10 mm dela to plo\u0161\u010dico zelo trpe\u017eno in presti\u017eno na otip.<\/p>\n<p>Kliknite na ime kolekcije za ogled vseh plo\u0161\u010dic iz te serije: <a class=\"pdfcatal\" href=\"\/\/www.ceramictiles.com\/pdf\/casalgrandepadana\/catalogue_casalgrande_padana_pietre_di_sardegna.pdf\" onclick=\"recordOutboundLink(this, 'E-mail', 'Description PDF');return false;\">Casalgrande Padana S.P.A. Pietre Di Sardegna<\/a><\/p>\n<p>\u010ce \u017eelite naro\u010diti model iz pdf kataloga te kolekcije, nam pi\u0161ite na: <a href=\"mailto:keramoteka.salon@gmail.com\" onclick=\"recordOutboundLink(this, 'E-mail', 'Description mail');return false;\">keramoteka.salon@gmail.com<\/a> ali pa nas pokli\u010dite na: 031 255 900.<\/p>\n<p>Technical description: <br \/> W &#038; F 15&#215;15 ; 15&#215;60 ; 30&#215;30 ; 30&#215;60 ; 45&#215;45 ; 45&#215;90 ; 60&#215;60 <br \/>Tavolara ; Caprera ; Punta Molara ; Stintino ; Porto Cervo ; Porto Rotondo ; Pevero ; Cala Luna ;<\/p>\n","protected":false},"excerpt":{"rendered":"<p>Namesto 51,26 EUR kot bi za to plo\u0161\u010dico od\u0161teli v klasi\u010dni trgovini, boste v na\u0161i spletni prodajalni od\u0161teli le 41,01 EUR. \u0160irina in dol\u017eina te plo\u0161\u010dice sta 30&#215;30 cm. Ta kerami\u010dna plo\u0161\u010dica v \u010dudoviti be\u017e barvi bo obogatila vsak prostor. Casalgrande Padana Pietre Di Sardegna Stintino prihaja iz Italije, ki je znana po zelo kvalitetni [&hellip;]<\/p>\n","protected":false},"featured_media":100853,"template":"","meta":[],"product_cat":[999448,200,999,240],"product_tag":[],"_links":{"self":[{"href":"https:\/\/www.keramika.com\/slovenija\/wp-json\/wp\/v2\/product\/100852"}],"collection":[{"href":"https:\/\/www.keramika.com\/slovenija\/wp-json\/wp\/v2\/product"}],"about":[{"href":"https:\/\/www.keramika.com\/slovenija\/wp-json\/wp\/v2\/types\/product"}],"wp:featuredmedia":[{"embeddable":true,"href":"https:\/\/www.keramika.com\/slovenija\/wp-json\/wp\/v2\/media\/100853"}],"wp:attachment":[{"href":"https:\/\/www.keramika.com\/slovenija\/wp-json\/wp\/v2\/media?parent=100852"}],"wp:term":[{"taxonomy":"product_cat","embeddable":true,"href":"https:\/\/www.keramika.com\/slovenija\/wp-json\/wp\/v2\/product_cat?post=100852"},{"taxonomy":"product_tag","embeddable":true,"href":"https:\/\/www.keramika.com\/slovenija\/wp-json\/wp\/v2\/product_tag?post=100852"}],"curies":[{"name":"wp","href":"https:\/\/api.w.org\/{rel}","templated":true}]}}