{"id":100850,"date":"2017-03-22T22:45:00","date_gmt":"2017-03-22T22:45:00","guid":{"rendered":"http:\/\/keramika.holest.com\/slovenija\/product\/talne-ploscice-casalgrande-padana-pietra-piasentina-naturale\/"},"modified":"2026-01-01T00:02:14","modified_gmt":"2026-01-01T00:02:14","slug":"talne-ploscice-casalgrande-padana-pietra-piasentina-naturale","status":"publish","type":"product","link":"https:\/\/www.keramika.com\/slovenija\/talne-ploscice-casalgrande-padana-pietra-piasentina-naturale\/","title":{"rendered":"Talne plo\u0161\u010dice Casalgrande Padana Pietra Piasentina Naturale"},"content":{"rendered":"<p>V redni prodaji bi morali za to plo\u0161\u010dico od\u0161teti 49,99 EUR, spletna cena pa zna\u0161a le 39,99 EUR. Plo\u0161\u010dica je debela kar 10 mm, kar jo uvr\u0161\u010da med bolj trde plo\u0161\u010dice. Velikost te plo\u0161\u010dice je 30&#215;30 cm in je primerna za razli\u010dne povr\u0161ine. Casalgrande Padana Pietra Piasentina Naturale je pripeljana iz Italije in je zelo kvalitetna. Ta kerami\u010dna plo\u0161\u010dica v \u010dudoviti sivi barvi bo obogatila vsak prostor.<\/p>\n<p>Kliknite na ime kolekcije za ogled vseh plo\u0161\u010dic iz te serije: <a class=\"pdfcatal\" href=\"\/\/www.ceramictiles.com\/pdf\/casalgrandepadana\/catalogue_casalgrande_padana_pietra_piasentina.pdf\" onclick=\"recordOutboundLink(this, 'E-mail', 'Description PDF');return false;\">Casalgrande Padana S.P.A. Pietra Piasentina<\/a><\/p>\n<p>\u010ce \u017eelite naro\u010diti model iz pdf kataloga te kolekcije, nam pi\u0161ite na: <a href=\"mailto:keramoteka.salon@gmail.com\" onclick=\"recordOutboundLink(this, 'E-mail', 'Description mail');return false;\">keramoteka.salon@gmail.com<\/a> ali pa nas pokli\u010dite na: 031 255 900.<\/p>\n<p>Technical description: <br \/> F 15&#215;15 ; 30&#215;30 ; 30&#215;60 ; 40&#215;40 ; 60&#215;60 <br \/>Piasentina Naturale ;<\/p>\n","protected":false},"excerpt":{"rendered":"<p>V redni prodaji bi morali za to plo\u0161\u010dico od\u0161teti 49,99 EUR, spletna cena pa zna\u0161a le 39,99 EUR. Plo\u0161\u010dica je debela kar 10 mm, kar jo uvr\u0161\u010da med bolj trde plo\u0161\u010dice. Velikost te plo\u0161\u010dice je 30&#215;30 cm in je primerna za razli\u010dne povr\u0161ine. Casalgrande Padana Pietra Piasentina Naturale je pripeljana iz Italije in je zelo [&hellip;]<\/p>\n","protected":false},"featured_media":100851,"template":"","meta":[],"product_cat":[999448,200,999,240],"product_tag":[],"_links":{"self":[{"href":"https:\/\/www.keramika.com\/slovenija\/wp-json\/wp\/v2\/product\/100850"}],"collection":[{"href":"https:\/\/www.keramika.com\/slovenija\/wp-json\/wp\/v2\/product"}],"about":[{"href":"https:\/\/www.keramika.com\/slovenija\/wp-json\/wp\/v2\/types\/product"}],"wp:featuredmedia":[{"embeddable":true,"href":"https:\/\/www.keramika.com\/slovenija\/wp-json\/wp\/v2\/media\/100851"}],"wp:attachment":[{"href":"https:\/\/www.keramika.com\/slovenija\/wp-json\/wp\/v2\/media?parent=100850"}],"wp:term":[{"taxonomy":"product_cat","embeddable":true,"href":"https:\/\/www.keramika.com\/slovenija\/wp-json\/wp\/v2\/product_cat?post=100850"},{"taxonomy":"product_tag","embeddable":true,"href":"https:\/\/www.keramika.com\/slovenija\/wp-json\/wp\/v2\/product_tag?post=100850"}],"curies":[{"name":"wp","href":"https:\/\/api.w.org\/{rel}","templated":true}]}}