{"id":100848,"date":"2017-03-22T22:44:58","date_gmt":"2017-03-22T22:44:58","guid":{"rendered":"http:\/\/keramika.holest.com\/slovenija\/product\/ploscice-za-kopalnico-casalgrande-padana-pietra-norvegese-lillehammer\/"},"modified":"2026-01-01T00:02:13","modified_gmt":"2026-01-01T00:02:13","slug":"ploscice-za-kopalnico-casalgrande-padana-pietra-norvegese-lillehammer","status":"publish","type":"product","link":"https:\/\/www.keramika.com\/slovenija\/ploscice-za-kopalnico-casalgrande-padana-pietra-norvegese-lillehammer\/","title":{"rendered":"Plo\u0161\u010dice za kopalnico Casalgrande Padana Pietra Norvegese Lillehammer"},"content":{"rendered":"<p>Ta plo\u0161\u010dica je na voljo v \u010dudoviti sivi barvi, \u010de \u017eelite kak\u0161no drugo barvo pa nas kontaktirajte in preverili bomo pri proizvajalcu. \u0160irina in dol\u017eina te plo\u0161\u010dice sta 30&#215;30 cm. 53,16 EUR v klasi\u010dni trgovini, pri nas pa le 42,53 EUR. Ta plo\u0161\u010dica prihaja iz Italije, ki je znana po kvalitetni keramiki. Debelina kar 10 mm dela to plo\u0161\u010dico zelo trpe\u017eno in presti\u017eno na otip.<\/p>\n<p>Kliknite na ime kolekcije za ogled vseh plo\u0161\u010dic iz te serije: <a class=\"pdfcatal\" href=\"\/\/www.ceramictiles.com\/pdf\/casalgrandepadana\/catalogue_casalgrande_padana_pietra_norvegese.pdf\" onclick=\"recordOutboundLink(this, 'E-mail', 'Description PDF');return false;\">Casalgrande Padana S.P.A. Pietra Norvegese<\/a><\/p>\n<p>\u010ce \u017eelite naro\u010diti model iz pdf kataloga te kolekcije, nam pi\u0161ite na: <a href=\"mailto:keramoteka.salon@gmail.com\" onclick=\"recordOutboundLink(this, 'E-mail', 'Description mail');return false;\">keramoteka.salon@gmail.com<\/a> ali pa nas pokli\u010dite na: 031 255 900.<\/p>\n<p>Technical description: <br \/> W &#038; F 30&#215;30 ; 30&#215;60 <br \/>Narvik ; Otta ; Bergen ; Lillehammer ;<\/p>\n","protected":false},"excerpt":{"rendered":"<p>Ta plo\u0161\u010dica je na voljo v \u010dudoviti sivi barvi, \u010de \u017eelite kak\u0161no drugo barvo pa nas kontaktirajte in preverili bomo pri proizvajalcu. \u0160irina in dol\u017eina te plo\u0161\u010dice sta 30&#215;30 cm. 53,16 EUR v klasi\u010dni trgovini, pri nas pa le 42,53 EUR. Ta plo\u0161\u010dica prihaja iz Italije, ki je znana po kvalitetni keramiki. Debelina kar 10 [&hellip;]<\/p>\n","protected":false},"featured_media":100849,"template":"","meta":[],"product_cat":[999448,200,999,240],"product_tag":[],"_links":{"self":[{"href":"https:\/\/www.keramika.com\/slovenija\/wp-json\/wp\/v2\/product\/100848"}],"collection":[{"href":"https:\/\/www.keramika.com\/slovenija\/wp-json\/wp\/v2\/product"}],"about":[{"href":"https:\/\/www.keramika.com\/slovenija\/wp-json\/wp\/v2\/types\/product"}],"wp:featuredmedia":[{"embeddable":true,"href":"https:\/\/www.keramika.com\/slovenija\/wp-json\/wp\/v2\/media\/100849"}],"wp:attachment":[{"href":"https:\/\/www.keramika.com\/slovenija\/wp-json\/wp\/v2\/media?parent=100848"}],"wp:term":[{"taxonomy":"product_cat","embeddable":true,"href":"https:\/\/www.keramika.com\/slovenija\/wp-json\/wp\/v2\/product_cat?post=100848"},{"taxonomy":"product_tag","embeddable":true,"href":"https:\/\/www.keramika.com\/slovenija\/wp-json\/wp\/v2\/product_tag?post=100848"}],"curies":[{"name":"wp","href":"https:\/\/api.w.org\/{rel}","templated":true}]}}